{"id":1025,"date":"2018-06-05T13:10:05","date_gmt":"2018-06-05T10:10:05","guid":{"rendered":"http:\/\/www.halaman.com\/de\/halaman-privacy-policy"},"modified":"2024-11-29T11:38:31","modified_gmt":"2024-11-29T08:38:31","slug":"halaman-privacy-policy","status":"publish","type":"page","link":"https:\/\/www.halaman.com\/de\/halaman-privacy-policy","title":{"rendered":"Datenschutzrichtlinie"},"content":{"rendered":"<h1><strong>Halaman Datenschutzrichtlinie<\/strong><\/h1>\n<p><strong>Unser Engagement f\u00fcr den Datenschutz<\/strong><\/p>\n<p>Bei Halaman sch\u00e4tzen wir unsere Kunden und Besucher und respektieren Ihre Privatsph\u00e4re. Diese Richtlinie beschreibt, welche personenbezogenen Daten wir \u00fcber Sie sammeln, warum wir sie sammeln und wie wir sie verwenden. Wenn sich diese Richtlinie \u00e4ndert, ver\u00f6ffentlichen wir eine aktualisierte Version auf unserer Website. Sie k\u00f6nnen \u00fcberpr\u00fcfen, ob sich die Richtlinie ge\u00e4ndert hat, indem Sie das unten angegebene \u00dcberarbeitungsdatum \u00fcberpr\u00fcfen.<\/p>\n<p>Wenn Sie Fragen zu unserer Datenschutzrichtlinie haben, kontaktieren Sie uns jederzeit unter <strong><a rel=\"noopener\">info@halaman.com<\/a><\/strong> oder rufen Sie uns unter <strong>+90 212 8670100<\/strong> an.<\/p>\n<p><strong>Datenschutzrichtlinie<\/strong><\/p>\n<p>Zuletzt aktualisiert am 5. Juni 2018<\/p>\n<p>Bei Halaman k\u00f6nnen wir personenbezogene Daten von Ihnen sammeln, wie z. B. Ihren Namen, Ihre E-Mail-Adresse, Ihre Postanschrift und Ihre Telefonnummer, wenn Sie uns mit einer Frage kontaktieren, sich f\u00fcr unsere Mailingliste anmelden oder sich um eine Stelle bewerben.<br \/>\nHalaman und seine Marketingpartner verwenden Formularelemente und\/oder Cookies, um Informationen zu sammeln und bestimmte technische L\u00f6sungen zu aktivieren, die zur Vermarktung unserer Produkte eingesetzt werden.<\/p>\n<p>Ein Cookie ist eine kurze Textzeile, die Ihrem Browser hinzugef\u00fcgt wird, wenn Sie eine Website besuchen oder eine bestimmte Werbung ansehen. Dieses Cookie kann dann identifiziert werden, um festzustellen, wie oft Sie eine Website besucht oder eine bestimmte Werbung gesehen haben. Cookies sind ansonsten generisch und k\u00f6nnen nicht verwendet werden, um auf andere Informationen auf Ihrem Computer zuzugreifen.<\/p>\n<p>Wir k\u00f6nnen Ihre personenbezogenen Daten auf folgende Weise verwenden:<\/p>\n<ul>\n<li>Um mit Ihnen zu kommunizieren und Ihnen Informationen per E-Mail, Post, Telefon oder auf andere Weise \u00fcber unsere Produkte, Dienstleistungen und Investitionen zu senden, es sei denn, Sie haben uns angewiesen, keine Werbemitteilungen zu senden.<\/li>\n<li>Zur Analyse von Trends und Statistiken<\/li>\n<li>Um Sie bei Bedarf zu kontaktieren<\/li>\n<\/ul>\n<p>Wir k\u00f6nnen Ihre Navigationsdaten verwenden, um Trends und den Traffic auf unserer Website zu analysieren. Sie haben stets die Wahl, keine Marketinginformationen zu erhalten.<br \/>\nHalaman teilt Ihre Informationen nicht mit Dritten.<\/p>\n","protected":false},"excerpt":{"rendered":"<p>Halaman Datenschutzrichtlinie Unser Engagement f\u00fcr den Datenschutz Bei Halaman sch\u00e4tzen wir unsere Kunden und Besucher und respektieren Ihre Privatsph\u00e4re. Diese Richtlinie beschreibt, welche personenbezogenen Daten wir \u00fcber Sie sammeln, warum wir sie sammeln und wie wir sie verwenden. Wenn sich diese Richtlinie \u00e4ndert, ver\u00f6ffentlichen wir eine aktualisierte Version auf unserer Website. Sie k\u00f6nnen \u00fcberpr\u00fcfen, ob &hellip; <a href=\"https:\/\/www.halaman.com\/de\/halaman-privacy-policy\" class=\"more-link\">Continue reading <span class=\"screen-reader-text\">Datenschutzrichtlinie<\/span><\/a><\/p>\n","protected":false},"author":2049,"featured_media":2286,"parent":0,"menu_order":17,"comment_status":"closed","ping_status":"closed","template":"","meta":{"_acf_changed":false,"footnotes":""},"class_list":["post-1025","page","type-page","status-publish","has-post-thumbnail","hentry"],"acf":[],"_links":{"self":[{"href":"https:\/\/www.halaman.com\/de\/wp-json\/wp\/v2\/pages\/1025","targetHints":{"allow":["GET"]}}],"collection":[{"href":"https:\/\/www.halaman.com\/de\/wp-json\/wp\/v2\/pages"}],"about":[{"href":"https:\/\/www.halaman.com\/de\/wp-json\/wp\/v2\/types\/page"}],"author":[{"embeddable":true,"href":"https:\/\/www.halaman.com\/de\/wp-json\/wp\/v2\/users\/2049"}],"replies":[{"embeddable":true,"href":"https:\/\/www.halaman.com\/de\/wp-json\/wp\/v2\/comments?post=1025"}],"version-history":[{"count":0,"href":"https:\/\/www.halaman.com\/de\/wp-json\/wp\/v2\/pages\/1025\/revisions"}],"wp:featuredmedia":[{"embeddable":true,"href":"https:\/\/www.halaman.com\/de\/wp-json\/wp\/v2\/media\/2286"}],"wp:attachment":[{"href":"https:\/\/www.halaman.com\/de\/wp-json\/wp\/v2\/media?parent=1025"}],"curies":[{"name":"wp","href":"https:\/\/api.w.org\/{rel}","templated":true}]}}