{"id":1030,"date":"2016-09-27T11:32:20","date_gmt":"2016-09-27T08:32:20","guid":{"rendered":"http:\/\/www.halaman.com\/de\/administration"},"modified":"2025-05-14T19:43:53","modified_gmt":"2025-05-14T16:43:53","slug":"verwaltung","status":"publish","type":"page","link":"https:\/\/www.halaman.com\/de\/kontakt\/verwaltung","title":{"rendered":"Verwaltung"},"content":{"rendered":"<div class=\"person_list\">\n<ul>\n<li>\n<h2>Tarkan\u00a0K\u0131r\u0131c\u0131<\/h2>\n<p>Facility Manager<\/p>\n<div>T: +90 212 8670100<\/div>\n<div>E: <a href=\"mailto:tarkan.kirici@halaman.com\">tarkan.kirici@halaman.com<\/a><\/div>\n<\/li>\n<li>\n<h2>Seda Toprak<\/h2>\n<p>Einkaufsleiter<\/p>\n<div>T: +90 212 8670100<\/div>\n<div>E: <a href=\"mailto:satinalma@halaman.com\">satinalma@halaman.com<\/a><\/div>\n<\/li>\n<li>\n<h2>G\u00fcl\u015fen \u00c7imenler<\/h2>\n<p>Personalmanager<\/p>\n<div>T: +90 212 8670100<\/div>\n<div>E:\u00a0<a href=\"mailto:gulsen@halaman.com\">gulsen@halaman.com<\/a><\/div>\n<\/li>\n<li>\n<h2>Mustafa Y\u00fcksel<\/h2>\n<p>Grafik- und Designdirektor<\/p>\n<div>T: +90 212 8670100<\/div>\n<div>E: <a href=\"mailto:mustafa@halaman.com\">mustafa@halaman.com<\/a><\/div>\n<\/li>\n<li>\n<h2>Melike Kurtfak\u0131<\/h2>\n<p>Direktor f\u00fcr Qualit\u00e4tssysteme<\/p>\n<div>T: +90 212 8670100<\/div>\n<div>E: <a href=\"mailto:melike@halaman.com\">melike@halaman.com<\/a><\/div>\n<\/li>\n<li>\n<h2>Can\u00a0Arslan<\/h2>\n<p>ERP- und IT-Direktor<\/p>\n<div>T: +90 212 8670100<\/div>\n<div>E: <a href=\"mailto:can@halaman.com\">can@halaman.com<\/a><\/div>\n<\/li>\n<\/ul>\n<\/div>\n","protected":false},"excerpt":{"rendered":"<p>Tarkan\u00a0K\u0131r\u0131c\u0131 Facility Manager T: +90 212 8670100 E: tarkan.kirici@halaman.com Seda Toprak Einkaufsleiter T: +90 212 8670100 E: satinalma@halaman.com G\u00fcl\u015fen \u00c7imenler Personalmanager T: +90 212 8670100 E:\u00a0gulsen@halaman.com Mustafa Y\u00fcksel Grafik- und Designdirektor T: +90 212 8670100 E: mustafa@halaman.com Melike Kurtfak\u0131 Direktor f\u00fcr Qualit\u00e4tssysteme T: +90 212 8670100 E: melike@halaman.com Can\u00a0Arslan ERP- und IT-Direktor T: +90 212 &hellip; <a href=\"https:\/\/www.halaman.com\/de\/kontakt\/verwaltung\" class=\"more-link\">Continue reading <span class=\"screen-reader-text\">Verwaltung<\/span><\/a><\/p>\n","protected":false},"author":2049,"featured_media":1031,"parent":1142,"menu_order":46,"comment_status":"closed","ping_status":"closed","template":"page-templates\/one-column.php","meta":{"_acf_changed":false,"footnotes":""},"class_list":["post-1030","page","type-page","status-publish","has-post-thumbnail","hentry"],"acf":[],"_links":{"self":[{"href":"https:\/\/www.halaman.com\/de\/wp-json\/wp\/v2\/pages\/1030","targetHints":{"allow":["GET"]}}],"collection":[{"href":"https:\/\/www.halaman.com\/de\/wp-json\/wp\/v2\/pages"}],"about":[{"href":"https:\/\/www.halaman.com\/de\/wp-json\/wp\/v2\/types\/page"}],"author":[{"embeddable":true,"href":"https:\/\/www.halaman.com\/de\/wp-json\/wp\/v2\/users\/2049"}],"replies":[{"embeddable":true,"href":"https:\/\/www.halaman.com\/de\/wp-json\/wp\/v2\/comments?post=1030"}],"version-history":[{"count":0,"href":"https:\/\/www.halaman.com\/de\/wp-json\/wp\/v2\/pages\/1030\/revisions"}],"up":[{"embeddable":true,"href":"https:\/\/www.halaman.com\/de\/wp-json\/wp\/v2\/pages\/1142"}],"wp:featuredmedia":[{"embeddable":true,"href":"https:\/\/www.halaman.com\/de\/wp-json\/wp\/v2\/media\/1031"}],"wp:attachment":[{"href":"https:\/\/www.halaman.com\/de\/wp-json\/wp\/v2\/media?parent=1030"}],"curies":[{"name":"wp","href":"https:\/\/api.w.org\/{rel}","templated":true}]}}