{"id":1036,"date":"2016-09-27T11:30:57","date_gmt":"2016-09-27T08:30:57","guid":{"rendered":"http:\/\/www.halaman.com\/de\/post-printing"},"modified":"2025-09-05T13:37:27","modified_gmt":"2025-09-05T10:37:27","slug":"nachdruck","status":"publish","type":"page","link":"https:\/\/www.halaman.com\/de\/dienstleistungen\/nachdruck","title":{"rendered":"Nachdruck"},"content":{"rendered":"<p>Es handelt sich um einen Bereich, der in viele Unterbereiche unterteilt werden kann und es erm\u00f6glicht, das Druckerzeugnis mit sch\u00f6nen Details aufzuwerten und zahlreiche Veredelungen hinzuzuf\u00fcgen. Es gibt viele verschiedene Varianten \u2013 von Spezialstanzung \u00fcber partielle Lackierung, Hei\u00dffolie bis hin zu Cellophanierung oder Pr\u00e4gung.<\/p>\n<p>Unser Vorteil besteht darin, dass wir alle Weiterverarbeitungsschritte in unserem eigenen Haus durchf\u00fchren k\u00f6nnen. Ihre Verpackung, die bei Halaman ankommt, wird vom Entwurf bis zur finalen Form unter dem Dach von Halaman produziert. Daher k\u00f6nnen wir Ihnen einen zu 100 % kontrollierbaren Prozess bieten.<\/p>\n<p>Unser hochqualifiziertes Team \u00fcberwacht den gesamten Ablauf, um sicherzustellen, dass all Ihre Anforderungen erf\u00fcllt werden und h\u00f6chste Qualit\u00e4tsstandards eingehalten werden.<\/p>\n<p>In unserer Weiterverarbeitungsabteilung stehen viele verschiedene Maschinen zur Verf\u00fcgung. Die vollst\u00e4ndige Liste unserer Maschinen finden Sie, wenn Sie <a href=\"https:\/\/www.halaman.com\/de\/printing-house\/machine-park\">hier<\/a> klicken.<\/p>\n<p><img decoding=\"async\" class=\"alignnone size-full wp-image-2682\" src=\"https:\/\/www.halaman.com\/content\/uploads\/2025\/02\/DSC02810.jpg\" alt=\"\" width=\"1798\" height=\"1199\" \/ loading=\"lazy\" srcset=\"https:\/\/www.halaman.com\/content\/uploads\/2025\/02\/DSC02810.jpg 1798w, https:\/\/www.halaman.com\/content\/uploads\/2025\/02\/DSC02810-300x200.jpg 300w, https:\/\/www.halaman.com\/content\/uploads\/2025\/02\/DSC02810-1024x683.jpg 1024w, https:\/\/www.halaman.com\/content\/uploads\/2025\/02\/DSC02810-768x512.jpg 768w, https:\/\/www.halaman.com\/content\/uploads\/2025\/02\/DSC02810-1536x1024.jpg 1536w, https:\/\/www.halaman.com\/content\/uploads\/2025\/02\/DSC02810-420x280.jpg 420w\" sizes=\"(max-width: 1798px) 100vw, 1798px\" \/><\/p>\n","protected":false},"excerpt":{"rendered":"<p>Es handelt sich um einen Bereich, der in viele Unterbereiche unterteilt werden kann und es erm\u00f6glicht, das Druckerzeugnis mit sch\u00f6nen Details aufzuwerten und zahlreiche Veredelungen hinzuzuf\u00fcgen. Es gibt viele verschiedene Varianten \u2013 von Spezialstanzung \u00fcber partielle Lackierung, Hei\u00dffolie bis hin zu Cellophanierung oder Pr\u00e4gung. Unser Vorteil besteht darin, dass wir alle Weiterverarbeitungsschritte in unserem eigenen &hellip; <a href=\"https:\/\/www.halaman.com\/de\/dienstleistungen\/nachdruck\" class=\"more-link\">Continue reading <span class=\"screen-reader-text\">Nachdruck<\/span><\/a><\/p>\n","protected":false},"author":2049,"featured_media":1040,"parent":1144,"menu_order":14,"comment_status":"closed","ping_status":"closed","template":"","meta":{"_acf_changed":false,"footnotes":""},"class_list":["post-1036","page","type-page","status-publish","has-post-thumbnail","hentry"],"acf":[],"_links":{"self":[{"href":"https:\/\/www.halaman.com\/de\/wp-json\/wp\/v2\/pages\/1036","targetHints":{"allow":["GET"]}}],"collection":[{"href":"https:\/\/www.halaman.com\/de\/wp-json\/wp\/v2\/pages"}],"about":[{"href":"https:\/\/www.halaman.com\/de\/wp-json\/wp\/v2\/types\/page"}],"author":[{"embeddable":true,"href":"https:\/\/www.halaman.com\/de\/wp-json\/wp\/v2\/users\/2049"}],"replies":[{"embeddable":true,"href":"https:\/\/www.halaman.com\/de\/wp-json\/wp\/v2\/comments?post=1036"}],"version-history":[{"count":0,"href":"https:\/\/www.halaman.com\/de\/wp-json\/wp\/v2\/pages\/1036\/revisions"}],"up":[{"embeddable":true,"href":"https:\/\/www.halaman.com\/de\/wp-json\/wp\/v2\/pages\/1144"}],"wp:featuredmedia":[{"embeddable":true,"href":"https:\/\/www.halaman.com\/de\/wp-json\/wp\/v2\/media\/1040"}],"wp:attachment":[{"href":"https:\/\/www.halaman.com\/de\/wp-json\/wp\/v2\/media?parent=1036"}],"curies":[{"name":"wp","href":"https:\/\/api.w.org\/{rel}","templated":true}]}}