{"id":1042,"date":"2016-09-27T11:30:47","date_gmt":"2016-09-27T08:30:47","guid":{"rendered":"http:\/\/www.halaman.com\/de\/printing"},"modified":"2025-05-14T19:55:19","modified_gmt":"2025-05-14T16:55:19","slug":"offsetdruck","status":"publish","type":"page","link":"https:\/\/www.halaman.com\/de\/dienstleistungen\/offsetdruck","title":{"rendered":"Offsetdruck"},"content":{"rendered":"<p class=\"\" data-start=\"36\" data-end=\"138\">Im Zentrum unseres Betriebs betreibt Halaman Printing einige der vielseitigsten Drucks\u00e4le der Branche.<\/p>\n<p class=\"\" data-start=\"140\" data-end=\"299\">Dank unserer mehrfarbigen Offsetdruckmaschinen in verschiedenen Formaten k\u00f6nnen wir Auftr\u00e4ge jeglicher Art und Gr\u00f6\u00dfe f\u00fcr unterschiedlichste Kunden realisieren.<\/p>\n<p class=\"\" data-start=\"301\" data-end=\"606\">Unsere Heidelberg-Offsetmaschinen sind in der Lage, bis zu 16.500 B\u00f6gen Papier oder Karton pro Stunde zu bedrucken. Sie sind mit dem Image-Control-System verbunden, um die Druckqualit\u00e4t zu maximieren. Die Farben Ihrer Drucksachen werden somit technologisch \u00fcberwacht und bei Bedarf automatisch korrigiert.<\/p>\n<p class=\"\" data-start=\"608\" data-end=\"710\">Wir verf\u00fcgen \u00fcber das ISO 12647-2 Druckstandard-Zertifikat, um einen perfekten Druck zu gew\u00e4hrleisten.<\/p>\n<p class=\"\" data-start=\"712\" data-end=\"864\">Unsere Fachkompetenz in diesem Bereich basiert auf jahrelanger Erfahrung \u2013 und wir stehen unseren Kunden regelm\u00e4\u00dfig beratend und informierend zur Seite.<\/p>\n","protected":false},"excerpt":{"rendered":"<p>Im Zentrum unseres Betriebs betreibt Halaman Printing einige der vielseitigsten Drucks\u00e4le der Branche. Dank unserer mehrfarbigen Offsetdruckmaschinen in verschiedenen Formaten k\u00f6nnen wir Auftr\u00e4ge jeglicher Art und Gr\u00f6\u00dfe f\u00fcr unterschiedlichste Kunden realisieren. Unsere Heidelberg-Offsetmaschinen sind in der Lage, bis zu 16.500 B\u00f6gen Papier oder Karton pro Stunde zu bedrucken. Sie sind mit dem Image-Control-System verbunden, um &hellip; <a href=\"https:\/\/www.halaman.com\/de\/dienstleistungen\/offsetdruck\" class=\"more-link\">Continue reading <span class=\"screen-reader-text\">Offsetdruck<\/span><\/a><\/p>\n","protected":false},"author":2049,"featured_media":1043,"parent":1144,"menu_order":9,"comment_status":"closed","ping_status":"closed","template":"","meta":{"_acf_changed":false,"footnotes":""},"class_list":["post-1042","page","type-page","status-publish","has-post-thumbnail","hentry"],"acf":[],"_links":{"self":[{"href":"https:\/\/www.halaman.com\/de\/wp-json\/wp\/v2\/pages\/1042","targetHints":{"allow":["GET"]}}],"collection":[{"href":"https:\/\/www.halaman.com\/de\/wp-json\/wp\/v2\/pages"}],"about":[{"href":"https:\/\/www.halaman.com\/de\/wp-json\/wp\/v2\/types\/page"}],"author":[{"embeddable":true,"href":"https:\/\/www.halaman.com\/de\/wp-json\/wp\/v2\/users\/2049"}],"replies":[{"embeddable":true,"href":"https:\/\/www.halaman.com\/de\/wp-json\/wp\/v2\/comments?post=1042"}],"version-history":[{"count":0,"href":"https:\/\/www.halaman.com\/de\/wp-json\/wp\/v2\/pages\/1042\/revisions"}],"up":[{"embeddable":true,"href":"https:\/\/www.halaman.com\/de\/wp-json\/wp\/v2\/pages\/1144"}],"wp:featuredmedia":[{"embeddable":true,"href":"https:\/\/www.halaman.com\/de\/wp-json\/wp\/v2\/media\/1043"}],"wp:attachment":[{"href":"https:\/\/www.halaman.com\/de\/wp-json\/wp\/v2\/media?parent=1042"}],"curies":[{"name":"wp","href":"https:\/\/api.w.org\/{rel}","templated":true}]}}