{"id":1046,"date":"2016-09-27T11:30:39","date_gmt":"2016-09-27T08:30:39","guid":{"rendered":"http:\/\/www.halaman.com\/de\/pre-printing"},"modified":"2025-05-14T19:56:52","modified_gmt":"2025-05-14T16:56:52","slug":"vordruck","status":"publish","type":"page","link":"https:\/\/www.halaman.com\/de\/dienstleistungen\/vordruck","title":{"rendered":"Vordruck"},"content":{"rendered":"<p class=\"\" data-start=\"36\" data-end=\"366\">Die wichtigste Funktion der Druckvorstufe besteht darin, die elektronisch vorbereiteten Arbeiten physisch f\u00fcr die Druckmaschinen bereitzustellen. Heutzutage ist die wichtigste Technologie in diesem Prozess CTP (Computer to Plate) \u2013 also eine automatische Belichtungsmaschine, die direkt vom Computer auf die Druckplatten arbeitet.<\/p>\n<p class=\"\" data-start=\"368\" data-end=\"644\">Dank dieser Technologie kann der Druck in wenigen Minuten beginnen. Au\u00dferdem maximiert CTP die Sch\u00e4rfe und Druckqualit\u00e4t direkt. In diesem Bereich bieten wir mit unseren zwei CTP-Maschinen eine unterbrechungsfreie Produktion f\u00fcr unsere Kunden \u2013 unabh\u00e4ngig vom Auftragsvolumen.<\/p>\n<p class=\"\" data-start=\"646\" data-end=\"921\">Zus\u00e4tzlich sorgt die Integration der von Heidelberg entwickelten Prinect Prepress Interface f\u00fcr eine vollst\u00e4ndig kompatible Kommunikation zwischen den Maschinen. Durch diese Schnittstelle erh\u00f6hen wir unsere Geschwindigkeit und senken gleichzeitig die Ausschussraten deutlich.<\/p>\n<p class=\"\" data-start=\"923\" data-end=\"1226\">Die mit den CTP-Maschinen erstellten Druckplatten werden vor dem Druck im Testprozess mit dem \u201ePrinect Image Control\u201c gepr\u00fcft \u2013 einem weltweit f\u00fchrenden spektrofotometrischen Messsystem von Heidelberg. So k\u00f6nnen Farben w\u00e4hrend des gesamten Prozesses automatisch gemessen und bei Bedarf angepasst werden.<\/p>\n","protected":false},"excerpt":{"rendered":"<p>Die wichtigste Funktion der Druckvorstufe besteht darin, die elektronisch vorbereiteten Arbeiten physisch f\u00fcr die Druckmaschinen bereitzustellen. Heutzutage ist die wichtigste Technologie in diesem Prozess CTP (Computer to Plate) \u2013 also eine automatische Belichtungsmaschine, die direkt vom Computer auf die Druckplatten arbeitet. Dank dieser Technologie kann der Druck in wenigen Minuten beginnen. Au\u00dferdem maximiert CTP die &hellip; <a href=\"https:\/\/www.halaman.com\/de\/dienstleistungen\/vordruck\" class=\"more-link\">Continue reading <span class=\"screen-reader-text\">Vordruck<\/span><\/a><\/p>\n","protected":false},"author":2049,"featured_media":1047,"parent":1144,"menu_order":7,"comment_status":"closed","ping_status":"closed","template":"","meta":{"_acf_changed":false,"footnotes":""},"class_list":["post-1046","page","type-page","status-publish","has-post-thumbnail","hentry"],"acf":[],"_links":{"self":[{"href":"https:\/\/www.halaman.com\/de\/wp-json\/wp\/v2\/pages\/1046","targetHints":{"allow":["GET"]}}],"collection":[{"href":"https:\/\/www.halaman.com\/de\/wp-json\/wp\/v2\/pages"}],"about":[{"href":"https:\/\/www.halaman.com\/de\/wp-json\/wp\/v2\/types\/page"}],"author":[{"embeddable":true,"href":"https:\/\/www.halaman.com\/de\/wp-json\/wp\/v2\/users\/2049"}],"replies":[{"embeddable":true,"href":"https:\/\/www.halaman.com\/de\/wp-json\/wp\/v2\/comments?post=1046"}],"version-history":[{"count":0,"href":"https:\/\/www.halaman.com\/de\/wp-json\/wp\/v2\/pages\/1046\/revisions"}],"up":[{"embeddable":true,"href":"https:\/\/www.halaman.com\/de\/wp-json\/wp\/v2\/pages\/1144"}],"wp:featuredmedia":[{"embeddable":true,"href":"https:\/\/www.halaman.com\/de\/wp-json\/wp\/v2\/media\/1047"}],"wp:attachment":[{"href":"https:\/\/www.halaman.com\/de\/wp-json\/wp\/v2\/media?parent=1046"}],"curies":[{"name":"wp","href":"https:\/\/api.w.org\/{rel}","templated":true}]}}