{"id":1049,"date":"2016-09-27T11:30:30","date_gmt":"2016-09-27T08:30:30","guid":{"rendered":"http:\/\/www.halaman.com\/de\/graphic-design"},"modified":"2025-05-14T20:00:13","modified_gmt":"2025-05-14T17:00:13","slug":"grafikdesign","status":"publish","type":"page","link":"https:\/\/www.halaman.com\/de\/dienstleistungen\/grafikdesign","title":{"rendered":"Grafikdesign"},"content":{"rendered":"<p class=\"\" data-start=\"36\" data-end=\"376\">Heutzutage sehen wir \u00fcberall Grafiken oder Designs, die unsere Aufmerksamkeit erregen oder Botschaften vermitteln sollen. Das gilt f\u00fcr alle Arten von Produkten und Veranstaltungen, die man sich vorstellen kann. Die Bedeutung von Grafik und Design im Druck zu verstehen, bedeutet, den gr\u00f6\u00dften Teil der Arbeit bereits erfolgreich zu meistern.<\/p>\n<p class=\"\" data-start=\"378\" data-end=\"739\">Wenn Produkte vor der Druckphase nicht gut gestaltet sind, bedeutet das, dass alle Prozesse, Anstrengungen und Investitionen vergeudet sind. Seit unserer Gr\u00fcndung versuchen wir, die M\u00f6glichkeiten der Technologie bestm\u00f6glich zu nutzen. Wir haben unseren Mitarbeitenden vermittelt, dass ein gut gestaltetes Werk die Grundlage f\u00fcr eine reibungslose Produktion ist.<\/p>\n<p class=\"\" data-start=\"741\" data-end=\"1020\">Wir entwickeln jeden Tag schnellere, kreativere und dynamischere L\u00f6sungen f\u00fcr unsere Kunden. Unser Grafik- und Designteam, bestehend aus 12 Personen, gestaltet und bereitet s\u00e4mtliche Arbeiten optimal f\u00fcr den Druck vor \u2013 und legt damit den Grundstein f\u00fcr eine perfekte Verpackung.<\/p>\n","protected":false},"excerpt":{"rendered":"<p>Heutzutage sehen wir \u00fcberall Grafiken oder Designs, die unsere Aufmerksamkeit erregen oder Botschaften vermitteln sollen. Das gilt f\u00fcr alle Arten von Produkten und Veranstaltungen, die man sich vorstellen kann. Die Bedeutung von Grafik und Design im Druck zu verstehen, bedeutet, den gr\u00f6\u00dften Teil der Arbeit bereits erfolgreich zu meistern. Wenn Produkte vor der Druckphase nicht &hellip; <a href=\"https:\/\/www.halaman.com\/de\/dienstleistungen\/grafikdesign\" class=\"more-link\">Continue reading <span class=\"screen-reader-text\">Grafikdesign<\/span><\/a><\/p>\n","protected":false},"author":2049,"featured_media":1050,"parent":1144,"menu_order":4,"comment_status":"closed","ping_status":"closed","template":"","meta":{"_acf_changed":false,"footnotes":""},"class_list":["post-1049","page","type-page","status-publish","has-post-thumbnail","hentry"],"acf":[],"_links":{"self":[{"href":"https:\/\/www.halaman.com\/de\/wp-json\/wp\/v2\/pages\/1049","targetHints":{"allow":["GET"]}}],"collection":[{"href":"https:\/\/www.halaman.com\/de\/wp-json\/wp\/v2\/pages"}],"about":[{"href":"https:\/\/www.halaman.com\/de\/wp-json\/wp\/v2\/types\/page"}],"author":[{"embeddable":true,"href":"https:\/\/www.halaman.com\/de\/wp-json\/wp\/v2\/users\/2049"}],"replies":[{"embeddable":true,"href":"https:\/\/www.halaman.com\/de\/wp-json\/wp\/v2\/comments?post=1049"}],"version-history":[{"count":0,"href":"https:\/\/www.halaman.com\/de\/wp-json\/wp\/v2\/pages\/1049\/revisions"}],"up":[{"embeddable":true,"href":"https:\/\/www.halaman.com\/de\/wp-json\/wp\/v2\/pages\/1144"}],"wp:featuredmedia":[{"embeddable":true,"href":"https:\/\/www.halaman.com\/de\/wp-json\/wp\/v2\/media\/1050"}],"wp:attachment":[{"href":"https:\/\/www.halaman.com\/de\/wp-json\/wp\/v2\/media?parent=1049"}],"curies":[{"name":"wp","href":"https:\/\/api.w.org\/{rel}","templated":true}]}}