{"id":1052,"date":"2016-09-27T11:29:57","date_gmt":"2016-09-27T08:29:57","guid":{"rendered":"http:\/\/www.halaman.com\/de\/green-printing"},"modified":"2025-09-05T13:31:54","modified_gmt":"2025-09-05T10:31:54","slug":"green-printing","status":"publish","type":"page","link":"https:\/\/www.halaman.com\/de\/printing-house\/green-printing","title":{"rendered":"Gr\u00fcne Druckerei"},"content":{"rendered":"<p>Durch mehr Bewusstsein der Menschen werden zum Schutz der Umwelt immer mehr Projekte durchgef\u00fchrt und Verb\u00e4nde gegr\u00fcndet. Als Halaman Druck und Verpackung k\u00fcmmern wir uns auch sehr um die Umwelt und implementieren diesbez\u00fcglich viele Richtlinien.<\/p>\n<p>Als Halaman Druck und Verpackung k\u00fcmmern wir uns sehr um die Umwelt. Wir drucken auf FSC\u00ae (Forrest Stewardship Council) Papier um sicherzustellen, dass unser Papier den W\u00e4ldern, die ein unverzichtbares Bestandteil des nat\u00fcrlichen Lebens sind, keinen Sch\u00e4den zuf\u00fcgt. Wir w\u00fcnschen uns, dass dieses Bewusstsein weiter w\u00e4chst und sich sowohl unter den Konsumenten als auch unter den Produzenten weitgehend verbreitet.<\/p>\n<p>Papier hat f\u00fcr uns Druckereien einen sehr gro\u00dfen Einfluss zum Thema Umweltschutz. Aber auch die Druckfarben m\u00fcssen die gleiche Sensibilisierung haben um eine Umweltfreundliche Produktion gew\u00e4hrleisten zu k\u00f6nnen. Als Halaman Druck und Verpackung verwenden wir \u00f6kologische Druckfarben (in der Regel Sojabasis) die wissenschaftlich bewiesen eine reduzierte Luftverschmutzung verursacht. Wir sind und werden immer stolz darauf sein die umweltfreundlichsten Technologien als erster einzusetzen.<\/p>\n<p>Wir sind auch die erste Druckerei mit \u201eKlimaneutrales Drucken\u201c gewesen.<\/p>\n<p>Als Familienunternehmen ist es uns wichtig den n\u00e4chsten Generationen eine saubere Welt zu hinterlassen. Deswegen setzen wir in unserer Firma Umweltrichtlinien ein um die Ressourcen umweltschonen zu verwenden. Dadurch k\u00f6nnen wir unsere negativen Auswirkungen minimieren. Um das Zielsaubere Welt zu erreichen setzen wir diese Ma\u00dfnahmen ein:<\/p>\n<ul>\n<li>Verwendung von organischen, pflanzlichen Druckfarben<\/li>\n<li>Verwendung von organischen K\u00f6sungsmittel<\/li>\n<li>Ermutigung zur Verwendung von FSC\u00ae-Zertifizierten Papier<\/li>\n<li>Mehr als 1500 Tonnen Papier in Recycling zu geben<\/li>\n<li>Verwendung von chemikalienfreie Druckformen<\/li>\n<li>Angebot f\u00fcr klimaneutrales Drucken<\/li>\n<\/ul>\n<p>Wir arbeiten mit Stolz f\u00fcr eine Generation, die zuversichtlich in die Zukunft blickt.<\/p>\n<p>M\u00f6chten Sie umweltfreundliche Verpackungen verwenden?<\/p>\n<p>Bitte kontaktieren Sie uns.<\/p>\n","protected":false},"excerpt":{"rendered":"<p>Durch mehr Bewusstsein der Menschen werden zum Schutz der Umwelt immer mehr Projekte durchgef\u00fchrt und Verb\u00e4nde gegr\u00fcndet. Als Halaman Druck und Verpackung k\u00fcmmern wir uns auch sehr um die Umwelt und implementieren diesbez\u00fcglich viele Richtlinien. Als Halaman Druck und Verpackung k\u00fcmmern wir uns sehr um die Umwelt. Wir drucken auf FSC\u00ae (Forrest Stewardship Council) Papier &hellip; <a href=\"https:\/\/www.halaman.com\/de\/printing-house\/green-printing\" class=\"more-link\">Continue reading <span class=\"screen-reader-text\">Gr\u00fcne Druckerei<\/span><\/a><\/p>\n","protected":false},"author":2049,"featured_media":1054,"parent":1146,"menu_order":70,"comment_status":"closed","ping_status":"closed","template":"","meta":{"_acf_changed":false,"footnotes":""},"class_list":["post-1052","page","type-page","status-publish","has-post-thumbnail","hentry"],"acf":[],"_links":{"self":[{"href":"https:\/\/www.halaman.com\/de\/wp-json\/wp\/v2\/pages\/1052","targetHints":{"allow":["GET"]}}],"collection":[{"href":"https:\/\/www.halaman.com\/de\/wp-json\/wp\/v2\/pages"}],"about":[{"href":"https:\/\/www.halaman.com\/de\/wp-json\/wp\/v2\/types\/page"}],"author":[{"embeddable":true,"href":"https:\/\/www.halaman.com\/de\/wp-json\/wp\/v2\/users\/2049"}],"replies":[{"embeddable":true,"href":"https:\/\/www.halaman.com\/de\/wp-json\/wp\/v2\/comments?post=1052"}],"version-history":[{"count":0,"href":"https:\/\/www.halaman.com\/de\/wp-json\/wp\/v2\/pages\/1052\/revisions"}],"up":[{"embeddable":true,"href":"https:\/\/www.halaman.com\/de\/wp-json\/wp\/v2\/pages\/1146"}],"wp:featuredmedia":[{"embeddable":true,"href":"https:\/\/www.halaman.com\/de\/wp-json\/wp\/v2\/media\/1054"}],"wp:attachment":[{"href":"https:\/\/www.halaman.com\/de\/wp-json\/wp\/v2\/media?parent=1052"}],"curies":[{"name":"wp","href":"https:\/\/api.w.org\/{rel}","templated":true}]}}