{"id":1078,"date":"2016-09-27T11:29:29","date_gmt":"2016-09-27T08:29:29","guid":{"rendered":"http:\/\/www.halaman.com\/de\/references"},"modified":"2025-09-05T13:30:04","modified_gmt":"2025-09-05T10:30:04","slug":"references","status":"publish","type":"page","link":"https:\/\/www.halaman.com\/de\/printing-house\/references","title":{"rendered":"Referenzen"},"content":{"rendered":"<p>Wir f\u00fcgen Wert. Wir \u00fcbertragen eine Botschaft.<\/p>\n<p>Wir \u00fcbertragen die Botschaft unserer Kunden in die Welt, indem wir den Produkten einen Mehrwert beif\u00fcgen. Jedes Druckprodukt, das unser Unternehmen verl\u00e4sst, tr\u00e4gt diese Botschaft. Das macht uns zu einem zuverl\u00e4ssigen und professionellen Partner.<\/p>\n<p>Als Anlage k\u00f6nnen Sie einige unserer Referenzen finden. F\u00fcr weitere Refernezen bitten wir Sie uns zu kontakiteren.<\/p>\n<div id='gallery-1' class='gallery galleryid-1078 gallery-columns-6 gallery-size-thumbnail'>\n<figure class='gallery-item'>\n<div class='gallery-icon landscape'>\n\t\t\t\t<img loading=\"lazy\" decoding=\"async\" width=\"150\" height=\"150\" src=\"https:\/\/www.halaman.com\/content\/uploads\/2016\/09\/lacoste_1-150x150.png\" class=\"attachment-thumbnail size-thumbnail\" alt=\"\" srcset=\"https:\/\/www.halaman.com\/content\/uploads\/2016\/09\/lacoste_1-150x150.png 150w, https:\/\/www.halaman.com\/content\/uploads\/2016\/09\/lacoste_1.png 200w\" sizes=\"(max-width: 150px) 100vw, 150px\" \/>\n\t\t\t<\/div>\n<\/figure>\n<figure class='gallery-item'>\n<div class='gallery-icon landscape'>\n\t\t\t\t<img loading=\"lazy\" decoding=\"async\" width=\"150\" height=\"150\" src=\"https:\/\/www.halaman.com\/content\/uploads\/2016\/09\/02-150x150.png\" class=\"attachment-thumbnail size-thumbnail\" alt=\"\" srcset=\"https:\/\/www.halaman.com\/content\/uploads\/2016\/09\/02-150x150.png 150w, https:\/\/www.halaman.com\/content\/uploads\/2016\/09\/02.png 200w\" sizes=\"(max-width: 150px) 100vw, 150px\" \/>\n\t\t\t<\/div>\n<\/figure>\n<figure class='gallery-item'>\n<div class='gallery-icon landscape'>\n\t\t\t\t<img loading=\"lazy\" decoding=\"async\" width=\"150\" height=\"150\" src=\"https:\/\/www.halaman.com\/content\/uploads\/2016\/09\/03-150x150.png\" class=\"attachment-thumbnail size-thumbnail\" alt=\"\" srcset=\"https:\/\/www.halaman.com\/content\/uploads\/2016\/09\/03-150x150.png 150w, https:\/\/www.halaman.com\/content\/uploads\/2016\/09\/03.png 200w\" sizes=\"(max-width: 150px) 100vw, 150px\" \/>\n\t\t\t<\/div>\n<\/figure>\n<figure class='gallery-item'>\n<div class='gallery-icon landscape'>\n\t\t\t\t<img loading=\"lazy\" decoding=\"async\" width=\"150\" height=\"150\" src=\"https:\/\/www.halaman.com\/content\/uploads\/2016\/09\/burgerking_1-150x150.png\" class=\"attachment-thumbnail size-thumbnail\" alt=\"\" srcset=\"https:\/\/www.halaman.com\/content\/uploads\/2016\/09\/burgerking_1-150x150.png 150w, https:\/\/www.halaman.com\/content\/uploads\/2016\/09\/burgerking_1.png 200w\" sizes=\"(max-width: 150px) 100vw, 150px\" \/>\n\t\t\t<\/div>\n<\/figure>\n<figure class='gallery-item'>\n<div class='gallery-icon landscape'>\n\t\t\t\t<img loading=\"lazy\" decoding=\"async\" width=\"150\" height=\"150\" src=\"https:\/\/www.halaman.com\/content\/uploads\/2016\/09\/05-150x150.png\" class=\"attachment-thumbnail size-thumbnail\" alt=\"\" srcset=\"https:\/\/www.halaman.com\/content\/uploads\/2016\/09\/05-150x150.png 150w, https:\/\/www.halaman.com\/content\/uploads\/2016\/09\/05.png 200w\" sizes=\"(max-width: 150px) 100vw, 150px\" \/>\n\t\t\t<\/div>\n<\/figure>\n<figure class='gallery-item'>\n<div class='gallery-icon landscape'>\n\t\t\t\t<img loading=\"lazy\" decoding=\"async\" width=\"150\" height=\"150\" src=\"https:\/\/www.halaman.com\/content\/uploads\/2016\/09\/underarmour_1-150x150.png\" class=\"attachment-thumbnail size-thumbnail\" alt=\"\" srcset=\"https:\/\/www.halaman.com\/content\/uploads\/2016\/09\/underarmour_1-150x150.png 150w, https:\/\/www.halaman.com\/content\/uploads\/2016\/09\/underarmour_1.png 200w\" sizes=\"(max-width: 150px) 100vw, 150px\" \/>\n\t\t\t<\/div>\n<\/figure>\n<figure class='gallery-item'>\n<div class='gallery-icon landscape'>\n\t\t\t\t<img loading=\"lazy\" decoding=\"async\" width=\"150\" height=\"150\" src=\"https:\/\/www.halaman.com\/content\/uploads\/2016\/09\/07-150x150.png\" class=\"attachment-thumbnail size-thumbnail\" alt=\"\" srcset=\"https:\/\/www.halaman.com\/content\/uploads\/2016\/09\/07-150x150.png 150w, https:\/\/www.halaman.com\/content\/uploads\/2016\/09\/07.png 200w\" sizes=\"(max-width: 150px) 100vw, 150px\" \/>\n\t\t\t<\/div>\n<\/figure>\n<figure class='gallery-item'>\n<div class='gallery-icon landscape'>\n\t\t\t\t<img loading=\"lazy\" decoding=\"async\" width=\"150\" height=\"150\" src=\"https:\/\/www.halaman.com\/content\/uploads\/2016\/09\/08-150x150.png\" class=\"attachment-thumbnail size-thumbnail\" alt=\"\" srcset=\"https:\/\/www.halaman.com\/content\/uploads\/2016\/09\/08-150x150.png 150w, https:\/\/www.halaman.com\/content\/uploads\/2016\/09\/08.png 200w\" sizes=\"(max-width: 150px) 100vw, 150px\" \/>\n\t\t\t<\/div>\n<\/figure>\n<figure class='gallery-item'>\n<div class='gallery-icon landscape'>\n\t\t\t\t<img loading=\"lazy\" decoding=\"async\" width=\"150\" height=\"150\" src=\"https:\/\/www.halaman.com\/content\/uploads\/2016\/09\/09-150x150.png\" class=\"attachment-thumbnail size-thumbnail\" alt=\"\" srcset=\"https:\/\/www.halaman.com\/content\/uploads\/2016\/09\/09-150x150.png 150w, https:\/\/www.halaman.com\/content\/uploads\/2016\/09\/09.png 200w\" sizes=\"(max-width: 150px) 100vw, 150px\" \/>\n\t\t\t<\/div>\n<\/figure>\n<figure class='gallery-item'>\n<div class='gallery-icon landscape'>\n\t\t\t\t<img loading=\"lazy\" decoding=\"async\" width=\"150\" height=\"150\" src=\"https:\/\/www.halaman.com\/content\/uploads\/2016\/09\/10-150x150.png\" class=\"attachment-thumbnail size-thumbnail\" alt=\"\" srcset=\"https:\/\/www.halaman.com\/content\/uploads\/2016\/09\/10-150x150.png 150w, https:\/\/www.halaman.com\/content\/uploads\/2016\/09\/10.png 200w\" sizes=\"(max-width: 150px) 100vw, 150px\" \/>\n\t\t\t<\/div>\n<\/figure>\n<figure class='gallery-item'>\n<div class='gallery-icon landscape'>\n\t\t\t\t<img loading=\"lazy\" decoding=\"async\" width=\"150\" height=\"150\" src=\"https:\/\/www.halaman.com\/content\/uploads\/2016\/09\/boots-150x150.png\" class=\"attachment-thumbnail size-thumbnail\" alt=\"\" srcset=\"https:\/\/www.halaman.com\/content\/uploads\/2016\/09\/boots-150x150.png 150w, https:\/\/www.halaman.com\/content\/uploads\/2016\/09\/boots.png 200w\" sizes=\"(max-width: 150px) 100vw, 150px\" \/>\n\t\t\t<\/div>\n<\/figure>\n<figure class='gallery-item'>\n<div class='gallery-icon landscape'>\n\t\t\t\t<img loading=\"lazy\" decoding=\"async\" width=\"150\" height=\"150\" src=\"https:\/\/www.halaman.com\/content\/uploads\/2016\/09\/lebourget-150x150.png\" class=\"attachment-thumbnail size-thumbnail\" alt=\"\" srcset=\"https:\/\/www.halaman.com\/content\/uploads\/2016\/09\/lebourget-150x150.png 150w, https:\/\/www.halaman.com\/content\/uploads\/2016\/09\/lebourget.png 200w\" sizes=\"(max-width: 150px) 100vw, 150px\" \/>\n\t\t\t<\/div>\n<\/figure><\/div>\n<p>F\u00fcr weitere Information kontaktieren Sie bitte uns.<\/p>\n","protected":false},"excerpt":{"rendered":"<p>Wir f\u00fcgen Wert. Wir \u00fcbertragen eine Botschaft. Wir \u00fcbertragen die Botschaft unserer Kunden in die Welt, indem wir den Produkten einen Mehrwert beif\u00fcgen. Jedes Druckprodukt, das unser Unternehmen verl\u00e4sst, tr\u00e4gt diese Botschaft. Das macht uns zu einem zuverl\u00e4ssigen und professionellen Partner. Als Anlage k\u00f6nnen Sie einige unserer Referenzen finden. F\u00fcr weitere Refernezen bitten wir Sie &hellip; <a href=\"https:\/\/www.halaman.com\/de\/printing-house\/references\" class=\"more-link\">Continue reading <span class=\"screen-reader-text\">Referenzen<\/span><\/a><\/p>\n","protected":false},"author":2049,"featured_media":1129,"parent":1146,"menu_order":41,"comment_status":"closed","ping_status":"closed","template":"page-templates\/one-large-column.php","meta":{"_acf_changed":false,"footnotes":""},"class_list":["post-1078","page","type-page","status-publish","has-post-thumbnail","hentry"],"acf":[],"_links":{"self":[{"href":"https:\/\/www.halaman.com\/de\/wp-json\/wp\/v2\/pages\/1078","targetHints":{"allow":["GET"]}}],"collection":[{"href":"https:\/\/www.halaman.com\/de\/wp-json\/wp\/v2\/pages"}],"about":[{"href":"https:\/\/www.halaman.com\/de\/wp-json\/wp\/v2\/types\/page"}],"author":[{"embeddable":true,"href":"https:\/\/www.halaman.com\/de\/wp-json\/wp\/v2\/users\/2049"}],"replies":[{"embeddable":true,"href":"https:\/\/www.halaman.com\/de\/wp-json\/wp\/v2\/comments?post=1078"}],"version-history":[{"count":0,"href":"https:\/\/www.halaman.com\/de\/wp-json\/wp\/v2\/pages\/1078\/revisions"}],"up":[{"embeddable":true,"href":"https:\/\/www.halaman.com\/de\/wp-json\/wp\/v2\/pages\/1146"}],"wp:featuredmedia":[{"embeddable":true,"href":"https:\/\/www.halaman.com\/de\/wp-json\/wp\/v2\/media\/1129"}],"wp:attachment":[{"href":"https:\/\/www.halaman.com\/de\/wp-json\/wp\/v2\/media?parent=1078"}],"curies":[{"name":"wp","href":"https:\/\/api.w.org\/{rel}","templated":true}]}}