{"id":1130,"date":"2016-09-27T11:29:20","date_gmt":"2016-09-27T08:29:20","guid":{"rendered":"http:\/\/www.halaman.com\/de\/machine-park"},"modified":"2025-09-05T13:29:22","modified_gmt":"2025-09-05T10:29:22","slug":"machine-park","status":"publish","type":"page","link":"https:\/\/www.halaman.com\/de\/printing-house\/machine-park","title":{"rendered":"Maschinenpark"},"content":{"rendered":"<p>Unsere hochmodernen Technologiemaschinen arbeiten voll integriert und haben Eigenschaften um sich gegenseitig zu erg\u00e4nzen. Da wir mit unserm Maschinenpark gleichzeitig mehrere Auftr\u00e4ge und unterschiedliche Phasen bearbeiten k\u00f6nnen bleibt die Produktion nie still. Dank der Vielfalt unserer Maschinen in der Druckvorstufe, Druck und Drucknachverarbeitung k\u00f6nnen wir fast jeden Auftrag in Anspruch nehmen und komplett in unserm Werk fertigen.<\/p>\n<p><strong>Die Gener\u00e4le<\/strong><\/p>\n<ul>\n<li>Heidelberg CX102-6 LX<\/li>\n<li>Heidelberg CD102-6 LX<\/li>\n<li>\n<div class=\"inline_video\"><a href=\"https:\/\/youtu.be\/f5atqPKbh5k?si=2FT9NueX7qKQuvKp\">HP Indigo 35K HD Digital Press<\/a><\/div>\n<\/li>\n<\/ul>\n<p><strong>Die Admir\u00e4le<\/strong><\/p>\n<ul>\n<li>Heidelberg CX75-6-LX-UV<\/li>\n<li>Heidelberg CX75-5-LX<\/li>\n<li>Heidelberg CD74-5-LX-UV<\/li>\n<\/ul>\n<p><strong>Die Fertigsteller<\/strong><\/p>\n<ul>\n<li>Steinemann Top Spot UV Machine<\/li>\n<li>Scodix Ultra Pro<\/li>\n<li>Kama ProCut 76<\/li>\n<li>Steinemann Lotus Film Laminating Machine<\/li>\n<li>Full Automatic ESC Germany Screen Printing Machine<\/li>\n<li>Heidelberg Varimatrix CSF 105 Full Cutting Machine with Hot Foil Unit<\/li>\n<li>Heidelberg Varimatrix CS 105 Full Cutting, Sorting Machine (2 Units)<\/li>\n<li>Heidelberg Easymatrix CS 105 Full Cutting, Sorting Machine<\/li>\n<li>Bobst Speria 106 E\u00a0Full Cutting, Sorting Machine<\/li>\n<li>Omega Allpro 100 Full Automatic Folding, Gluing Machine (With Automatic hot and cold glue system)<\/li>\n<li>Omega Allpro 90 Full Automatic Folding, Gluing Machine (With Automatic hot and cold glue system)<\/li>\n<li>Omega Allpro 70 Full Automatic Folding, Gluing Machine (With Automatic hot and cold glue system) (2 Units)<\/li>\n<li>Heiber-Schroeder Full Automatic Window Patching Machine<\/li>\n<li>Heiber-Schroeder Full Automatic Box Setting Machine (2 Units)<\/li>\n<li>Busch Special Cutting Machine<\/li>\n<li>Esatec Automatic Window, Tray Pick&amp;Placement Machine<\/li>\n<li>Polar Guillotine Cutters (3 Units)<\/li>\n<li>Focusight Label Inspection Machine<\/li>\n<\/ul>\n<p><strong>Die L\u00e4ufer<\/strong><\/p>\n<ul>\n<li>Heidelberg Suprasetter A105 Thermal CTP<\/li>\n<li>Heidelberg Suprasetter A106 Thermal CTP<\/li>\n<li>Heidelberg Versafire CV Digital Printing Machine<\/li>\n<li>Heidelberg GTP (With Original Hot Foil Unit) (5 Units)<\/li>\n<li>Heidelberg 64x90cm (With Hot Foil Unit)<\/li>\n<li>Heidelberg 57x82cm Cylinder Cutting Machine<\/li>\n<li>Heidelberg 56x77cm Cylinder Cutting Machine<\/li>\n<li>Heidelberg 46x64cm Cylinder Cutting Machine<\/li>\n<li>Automatic Cellophane Machine<\/li>\n<li>Automatic Screen Printing Machine<\/li>\n<li>Double-sided Tape Sticking Machine<\/li>\n<li>T\u00fcnkers Cardboard Plastering Machine<\/li>\n<\/ul>\n<p>F\u00fcr weitere Information kontaktieren Sie bitte uns.<\/p>\n","protected":false},"excerpt":{"rendered":"<p>Unsere hochmodernen Technologiemaschinen arbeiten voll integriert und haben Eigenschaften um sich gegenseitig zu erg\u00e4nzen. Da wir mit unserm Maschinenpark gleichzeitig mehrere Auftr\u00e4ge und unterschiedliche Phasen bearbeiten k\u00f6nnen bleibt die Produktion nie still. Dank der Vielfalt unserer Maschinen in der Druckvorstufe, Druck und Drucknachverarbeitung k\u00f6nnen wir fast jeden Auftrag in Anspruch nehmen und komplett in unserm &hellip; <a href=\"https:\/\/www.halaman.com\/de\/printing-house\/machine-park\" class=\"more-link\">Continue reading <span class=\"screen-reader-text\">Maschinenpark<\/span><\/a><\/p>\n","protected":false},"author":2049,"featured_media":1077,"parent":1146,"menu_order":40,"comment_status":"closed","ping_status":"closed","template":"","meta":{"_acf_changed":false,"footnotes":""},"class_list":["post-1130","page","type-page","status-publish","has-post-thumbnail","hentry"],"acf":[],"_links":{"self":[{"href":"https:\/\/www.halaman.com\/de\/wp-json\/wp\/v2\/pages\/1130","targetHints":{"allow":["GET"]}}],"collection":[{"href":"https:\/\/www.halaman.com\/de\/wp-json\/wp\/v2\/pages"}],"about":[{"href":"https:\/\/www.halaman.com\/de\/wp-json\/wp\/v2\/types\/page"}],"author":[{"embeddable":true,"href":"https:\/\/www.halaman.com\/de\/wp-json\/wp\/v2\/users\/2049"}],"replies":[{"embeddable":true,"href":"https:\/\/www.halaman.com\/de\/wp-json\/wp\/v2\/comments?post=1130"}],"version-history":[{"count":0,"href":"https:\/\/www.halaman.com\/de\/wp-json\/wp\/v2\/pages\/1130\/revisions"}],"up":[{"embeddable":true,"href":"https:\/\/www.halaman.com\/de\/wp-json\/wp\/v2\/pages\/1146"}],"wp:featuredmedia":[{"embeddable":true,"href":"https:\/\/www.halaman.com\/de\/wp-json\/wp\/v2\/media\/1077"}],"wp:attachment":[{"href":"https:\/\/www.halaman.com\/de\/wp-json\/wp\/v2\/media?parent=1130"}],"curies":[{"name":"wp","href":"https:\/\/api.w.org\/{rel}","templated":true}]}}