{"id":2307,"date":"2024-12-02T16:59:17","date_gmt":"2024-12-02T13:59:17","guid":{"rendered":"https:\/\/www.halaman.com\/?page_id=2307"},"modified":"2025-09-05T13:34:55","modified_gmt":"2025-09-05T10:34:55","slug":"digitaldruck","status":"publish","type":"page","link":"https:\/\/www.halaman.com\/de\/dienstleistungen\/digitaldruck","title":{"rendered":"Digitaldruck"},"content":{"rendered":"<p>An der Spitze der Innovation nutzt Halaman Printing modernste Digitaldrucktechnologie, um den sich wandelnden Anforderungen unserer Kunden und der Branche gerecht zu werden.<\/p>\n<p>Unsere hochmoderne <strong>HP Indigo 35K HD Digitaldruckmaschine<\/strong> \u2013 die weltweit erste HD-Version \u2013 ist ein Beweis f\u00fcr unser Engagement f\u00fcr technologische Innovation. Diese bahnbrechende Investition wurde get\u00e4tigt, um der steigenden Nachfrage nach hochwertigen, vielseitigen und nachhaltigen Druckl\u00f6sungen gerecht zu werden und sicherzustellen, dass wir in einer sich rasant entwickelnden Branche immer einen Schritt voraus sind.<\/p>\n<p>Nach dieser Digitaldruck-Investition haben wir einen ganz besonderen Bereich in unserer Fabrik f\u00fcr diese hochmoderne Druckmaschine eingerichtet und diesen exklusiven Raum \u201e<strong>Future Zone<\/strong>\u201c genannt. Dieser Bereich beherbergt nicht nur unsere Digitaldruckmaschine, sondern auch unsere fortschrittliche Veredelungsmaschine <strong>Scodix Ultra Pro<\/strong> \u2013 und vereint damit das Beste aus digitalem Druck und digitaler Veredelungstechnologie.<\/p>\n<p>Mit dieser fortschrittlichen Digitaldruckmaschine bieten wir eine beispiellose Pr\u00e4zision, die atemberaubende, hochaufl\u00f6sende Drucke auf verschiedensten Materialien erm\u00f6glicht. Die Technologie gew\u00e4hrleistet brillante Farben, au\u00dfergew\u00f6hnliche Details und bemerkenswerte Klarheit \u2013 ideal f\u00fcr Kleinauflagen und personalisierte Drucke. Ob Prototypen, Kleinserienverpackungen oder hochgradig individualisierte Designs \u2013 wir liefern in un\u00fcbertroffener Qualit\u00e4t und Effizienz.<\/p>\n<p>Wir sind \u00fcberzeugt, dass sich die Entwicklung der Drucktechnologien nicht ignorieren l\u00e4sst. An der Spitze dieser Entwicklungen zu stehen, erm\u00f6glicht es uns, unsere Kunden noch besser zu bedienen. Digitaldruck steigert nicht nur die Qualit\u00e4t, sondern unterst\u00fctzt auch unser Engagement f\u00fcr Nachhaltigkeit durch Abfall- und Energieeinsparung.<\/p>\n<p>Bei Halaman Printing vereinen wir Innovation und Fachwissen, um Ihnen modernste L\u00f6sungen zu bieten \u2013 und begleiten Sie auf jedem Schritt, um Ihre Vision Wirklichkeit werden zu lassen.<\/p>\n<p><img decoding=\"async\" class=\"alignnone size-full wp-image-2680\" src=\"https:\/\/www.halaman.com\/content\/uploads\/2025\/02\/futurezone2-scaled.jpg\" alt=\"\" width=\"2560\" height=\"1700\" \/ loading=\"lazy\" srcset=\"https:\/\/www.halaman.com\/content\/uploads\/2025\/02\/futurezone2-scaled.jpg 2560w, https:\/\/www.halaman.com\/content\/uploads\/2025\/02\/futurezone2-300x199.jpg 300w, https:\/\/www.halaman.com\/content\/uploads\/2025\/02\/futurezone2-1024x680.jpg 1024w, https:\/\/www.halaman.com\/content\/uploads\/2025\/02\/futurezone2-768x510.jpg 768w, https:\/\/www.halaman.com\/content\/uploads\/2025\/02\/futurezone2-1536x1020.jpg 1536w, https:\/\/www.halaman.com\/content\/uploads\/2025\/02\/futurezone2-2048x1360.jpg 2048w, https:\/\/www.halaman.com\/content\/uploads\/2025\/02\/futurezone2-420x280.jpg 420w\" sizes=\"(max-width: 2560px) 100vw, 2560px\" \/><\/p>\n<p>Ben\u00f6tigen Sie weitere Informationen \u00fcber Digitaldruck? Kontaktieren Sie uns bitte.<\/p>\n","protected":false},"excerpt":{"rendered":"<p>An der Spitze der Innovation nutzt Halaman Printing modernste Digitaldrucktechnologie, um den sich wandelnden Anforderungen unserer Kunden und der Branche gerecht zu werden. Unsere hochmoderne HP Indigo 35K HD Digitaldruckmaschine \u2013 die weltweit erste HD-Version \u2013 ist ein Beweis f\u00fcr unser Engagement f\u00fcr technologische Innovation. Diese bahnbrechende Investition wurde get\u00e4tigt, um der steigenden Nachfrage nach &hellip; <a href=\"https:\/\/www.halaman.com\/de\/dienstleistungen\/digitaldruck\" class=\"more-link\">Continue reading <span class=\"screen-reader-text\">Digitaldruck<\/span><\/a><\/p>\n","protected":false},"author":2049,"featured_media":2294,"parent":1144,"menu_order":11,"comment_status":"closed","ping_status":"closed","template":"","meta":{"_acf_changed":false,"footnotes":""},"class_list":["post-2307","page","type-page","status-publish","has-post-thumbnail","hentry"],"acf":[],"_links":{"self":[{"href":"https:\/\/www.halaman.com\/de\/wp-json\/wp\/v2\/pages\/2307","targetHints":{"allow":["GET"]}}],"collection":[{"href":"https:\/\/www.halaman.com\/de\/wp-json\/wp\/v2\/pages"}],"about":[{"href":"https:\/\/www.halaman.com\/de\/wp-json\/wp\/v2\/types\/page"}],"author":[{"embeddable":true,"href":"https:\/\/www.halaman.com\/de\/wp-json\/wp\/v2\/users\/2049"}],"replies":[{"embeddable":true,"href":"https:\/\/www.halaman.com\/de\/wp-json\/wp\/v2\/comments?post=2307"}],"version-history":[{"count":0,"href":"https:\/\/www.halaman.com\/de\/wp-json\/wp\/v2\/pages\/2307\/revisions"}],"up":[{"embeddable":true,"href":"https:\/\/www.halaman.com\/de\/wp-json\/wp\/v2\/pages\/1144"}],"wp:featuredmedia":[{"embeddable":true,"href":"https:\/\/www.halaman.com\/de\/wp-json\/wp\/v2\/media\/2294"}],"wp:attachment":[{"href":"https:\/\/www.halaman.com\/de\/wp-json\/wp\/v2\/media?parent=2307"}],"curies":[{"name":"wp","href":"https:\/\/api.w.org\/{rel}","templated":true}]}}