{"id":2834,"date":"2024-12-23T14:48:15","date_gmt":"2024-12-23T11:48:15","guid":{"rendered":"https:\/\/www.halaman.com\/printing-house\/our-policies"},"modified":"2025-10-01T15:51:59","modified_gmt":"2025-10-01T12:51:59","slug":"our-policies","status":"publish","type":"page","link":"https:\/\/www.halaman.com\/de\/printing-house\/our-policies","title":{"rendered":"Unsere Richtlinien"},"content":{"rendered":"<p data-start=\"77\" data-end=\"476\">Bei Halaman Printing and Packaging spiegeln unsere Richtlinien unser unersch\u00fctterliches Engagement f\u00fcr Nachhaltigkeit, Qualit\u00e4t, Sicherheit und ethische Standards in allen Bereichen unserer Gesch\u00e4ftst\u00e4tigkeit wider. Diese Richtlinien leiten uns bei der Erreichung von Exzellenz und stellen sicher, dass wir mit Integrit\u00e4t arbeiten und gleichzeitig die h\u00f6chsten internationalen Standards einhalten.<\/p>\n<h3 data-start=\"478\" data-end=\"514\">Verpflichtung zu FSC<strong>\u00ae<\/strong>-Standards<\/h3>\n<p data-start=\"515\" data-end=\"803\">Wir engagieren uns f\u00fcr verantwortungsvolle Beschaffung und nachhaltige Produktion. Mit unserer FSC<strong>\u00ae<\/strong>-Politik stellen wir die Verwendung von Materialien sicher, die eine verantwortungsvolle Waldbewirtschaftung unterst\u00fctzen und zu einer gr\u00fcneren Zukunft f\u00fcr kommende Generationen beitragen.<\/p>\n<h3 data-start=\"805\" data-end=\"832\">Schutz unserer Umwelt<\/h3>\n<p data-start=\"833\" data-end=\"1138\">Unsere Umweltpolitik beschreibt unsere Bem\u00fchungen, die Auswirkungen auf die Umwelt durch effiziente Ressourcennutzung, Abfallreduzierung und nachhaltige Praktiken zu minimieren. Im Rahmen unserer Mission konzentrieren wir uns auf kontinuierliche Verbesserungen, um uns an globale Umweltziele anzupassen.<\/p>\n<h3 data-start=\"1140\" data-end=\"1168\">Ethische Arbeitsregeln<\/h3>\n<p data-start=\"1169\" data-end=\"1390\">Bei Halaman glauben wir an faire und ethische Gesch\u00e4ftspraktiken. Unsere Ethischen Arbeitsregeln definieren die Verhaltensstandards f\u00fcr unser Team und betonen Respekt, Transparenz und Gleichberechtigung am Arbeitsplatz.<\/p>\n<h3 data-start=\"1392\" data-end=\"1420\">Lebensmittelsicherheit<\/h3>\n<p data-start=\"1421\" data-end=\"1762\">Mit unserer Lebensmittelsicherheits-Politik stellen wir sicher, dass jedes Produkt die strengsten Hygiene- und Sicherheitsstandards erf\u00fcllt. Unsere Produktionsprozesse entsprechen internationalen Richtlinien, um Verpackungen bereitzustellen, auf die Sie sich verlassen k\u00f6nnen \u2013 insbesondere in den Bereichen Lebensmittel und Pharmazeutika.<\/p>\n<h3 data-start=\"1764\" data-end=\"1800\">Arbeits- und Gesundheitsschutz<\/h3>\n<p data-start=\"1801\" data-end=\"2049\">Unsere Mitarbeiter stehen im Mittelpunkt unseres Erfolgs. Durch unsere Arbeits- und Gesundheitsschutzpolitik schaffen wir ein sicheres und gesundes Arbeitsumfeld, bei dem das Wohlergehen unserer Mitarbeiter und Stakeholder an erster Stelle steht.<\/p>\n<h3 data-start=\"2051\" data-end=\"2082\">Qualit\u00e4t ohne Kompromisse<\/h3>\n<p data-start=\"2083\" data-end=\"2359\">Unsere Qualit\u00e4tspolitik ist ein Beweis f\u00fcr unseren Fokus auf makellose Produkte. Durch die Einhaltung von ISO-Standards gew\u00e4hrleisten wir Pr\u00e4zision, Konsistenz und Zuverl\u00e4ssigkeit in jedem Projekt. Qualit\u00e4t ist f\u00fcr uns mehr als nur ein Ziel \u2013 sie ist ein Versprechen an Sie.<\/p>\n<h3 data-start=\"2361\" data-end=\"2388\">Soziale Verantwortung<\/h3>\n<p data-start=\"2389\" data-end=\"2729\">Wir erkennen unsere Verantwortung gegen\u00fcber der Gesellschaft an. Unsere Sozialverantwortungs-Politik hebt unseren Beitrag zur Gemeinschaft und unseren ethischen Ansatz im Gesch\u00e4ftsleben hervor. Von der Unterst\u00fctzung lokaler Initiativen bis zur Sicherstellung ethischer Beschaffung \u2013 wir streben danach, einen positiven Beitrag zu leisten.<\/p>\n<h3 data-start=\"2731\" data-end=\"2780\">Ethische Arbeitsbedingungen bei Lieferanten<\/h3>\n<p data-start=\"2781\" data-end=\"3067\">Wir arbeiten mit Lieferanten zusammen, die unsere Werte teilen. Unsere Richtlinie zu Ethischen Arbeitsbedingungen bei Lieferanten stellt sicher, dass alle Partner faire Arbeitspraktiken einhalten, sichere Arbeitsbedingungen bieten und ihre Mitarbeiter mit Respekt und W\u00fcrde behandeln.<\/p>\n<p data-start=\"3069\" data-end=\"3363\">Diese Richtlinien sind nicht nur Worte auf Papier; sie sind in unsere t\u00e4glichen Abl\u00e4ufe integriert und stellen sicher, dass wir die h\u00f6chsten Standards in Qualit\u00e4t, Nachhaltigkeit und Ethik einhalten. Bei Halaman Printing and Packaging liefern wir mehr als nur Produkte. Wir liefern Vertrauen.<\/p>\n<p data-start=\"3365\" data-end=\"3446\">Sie k\u00f6nnen alle unsere Richtlinien auf dieser Seite einsehen und herunterladen.<\/p>\n<p data-start=\"3453\" data-end=\"3547\">Ben\u00f6tigen Sie weitere Informationen zu \u201eUnsere Richtlinien\u201c? Bitte kontaktieren Sie uns.<\/p>\n","protected":false},"excerpt":{"rendered":"<p>Bei Halaman Printing and Packaging spiegeln unsere Richtlinien unser unersch\u00fctterliches Engagement f\u00fcr Nachhaltigkeit, Qualit\u00e4t, Sicherheit und ethische Standards in allen Bereichen unserer Gesch\u00e4ftst\u00e4tigkeit wider. Diese Richtlinien leiten uns bei der Erreichung von Exzellenz und stellen sicher, dass wir mit Integrit\u00e4t arbeiten und gleichzeitig die h\u00f6chsten internationalen Standards einhalten. Verpflichtung zu FSC\u00ae-Standards Wir engagieren uns f\u00fcr &hellip; <a href=\"https:\/\/www.halaman.com\/de\/printing-house\/our-policies\" class=\"more-link\">Continue reading <span class=\"screen-reader-text\">Unsere Richtlinien<\/span><\/a><\/p>\n","protected":false},"author":2049,"featured_media":2369,"parent":1146,"menu_order":61,"comment_status":"closed","ping_status":"closed","template":"","meta":{"_acf_changed":false,"footnotes":""},"class_list":["post-2834","page","type-page","status-publish","has-post-thumbnail","hentry"],"acf":[],"_links":{"self":[{"href":"https:\/\/www.halaman.com\/de\/wp-json\/wp\/v2\/pages\/2834","targetHints":{"allow":["GET"]}}],"collection":[{"href":"https:\/\/www.halaman.com\/de\/wp-json\/wp\/v2\/pages"}],"about":[{"href":"https:\/\/www.halaman.com\/de\/wp-json\/wp\/v2\/types\/page"}],"author":[{"embeddable":true,"href":"https:\/\/www.halaman.com\/de\/wp-json\/wp\/v2\/users\/2049"}],"replies":[{"embeddable":true,"href":"https:\/\/www.halaman.com\/de\/wp-json\/wp\/v2\/comments?post=2834"}],"version-history":[{"count":0,"href":"https:\/\/www.halaman.com\/de\/wp-json\/wp\/v2\/pages\/2834\/revisions"}],"up":[{"embeddable":true,"href":"https:\/\/www.halaman.com\/de\/wp-json\/wp\/v2\/pages\/1146"}],"wp:featuredmedia":[{"embeddable":true,"href":"https:\/\/www.halaman.com\/de\/wp-json\/wp\/v2\/media\/2369"}],"wp:attachment":[{"href":"https:\/\/www.halaman.com\/de\/wp-json\/wp\/v2\/media?parent=2834"}],"curies":[{"name":"wp","href":"https:\/\/api.w.org\/{rel}","templated":true}]}}