{"id":11,"date":"2016-09-27T11:28:52","date_gmt":"2016-09-27T08:28:52","guid":{"rendered":"http:\/\/www.halaman.com\/?page_id=11"},"modified":"2025-02-13T14:04:06","modified_gmt":"2025-02-13T11:04:06","slug":"filozofi","status":"publish","type":"page","link":"https:\/\/www.halaman.com\/tr\/matbaa\/filozofi","title":{"rendered":"Filozofi"},"content":{"rendered":"<p data-start=\"0\" data-end=\"61\"><strong>Teknoloji ve insana yat\u0131r\u0131m Halaman\u2019\u0131n temellerinde vard\u0131r.<\/strong><\/p>\n<p data-start=\"63\" data-end=\"525\">Halaman Matbaac\u0131l\u0131k kuruldu\u011fu andan itibaren her d\u00f6nemin en ge\u00e7erli ve en y\u00fcksek bask\u0131 teknikleri ile teknolojilerini kullanarak \u015fu anki bilgi birikimine eri\u015fmi\u015ftir. G\u00fcn\u00fcm\u00fcz matbaac\u0131l\u0131\u011f\u0131 hem kaliteyi hem de h\u0131z\u0131 m\u00fc\u015fterilerine vermekle y\u00fck\u00fcml\u00fcd\u00fcr ve bu da ancak y\u00fcksek teknolojili \u00fcr\u00fcnleri kullanarak ger\u00e7ekle\u015ftirilebilir. Halaman Matbaac\u0131l\u0131k, teknoloji ve insana s\u00fcrekli yat\u0131r\u0131m yaparak m\u00fc\u015fterilerine en iyi hizmeti vermeyi kendine ilke edinmi\u015ftir.<\/p>\n<p data-start=\"527\" data-end=\"573\"><strong data-start=\"527\" data-end=\"571\">Renk sadece renk de\u011fil, bizim hayat\u0131m\u0131z.<\/strong><\/p>\n<p data-start=\"575\" data-end=\"1211\">Renk insanlar\u0131 \u00e7eken, etkileyen ve ak\u0131llar\u0131nda kal\u0131c\u0131l\u0131k sa\u011flayan bir ara\u00e7t\u0131r. Do\u011fru rengi bulmak bir sanatt\u0131r, \u00e7\u00fcnk\u00fc herkes her rengi farkl\u0131 yorumlayabilir. Belki siz bej, sar\u0131 veya turuncu gibi s\u0131cak ve parlak renkleri seviyorsunuzdur. Ya da menek\u015fe, mavi veya turkuaz gibi so\u011fuk ve koyu renkleri tercih ediyorsunuzdur. En son teknolojiye sahip HP Indigo dijital bask\u0131 makinemiz ve \u00e7ok renkli Heidelberg ofset makinelerimizle sizin i\u00e7in binlerce farkl\u0131 renk se\u00e7ene\u011finden istediklerinizi basabiliyoruz. G\u00f6rselin her milimetresine \u00f6nem veriyoruz ve sonunda size tam olarak hayal etti\u011finiz ve istedi\u011finiz \u00fcr\u00fcn\u00fc veriyoruz.<\/p>\n<p data-start=\"1213\" data-end=\"1235\"><strong data-start=\"1213\" data-end=\"1233\">Tecr\u00fcbenin g\u00fcc\u00fc.<\/strong><\/p>\n<p data-start=\"1237\" data-end=\"1499\" data-is-last-node=\"\">45 y\u0131l\u0131 a\u015fk\u0131n tecr\u00fcbemiz, bizi matbaac\u0131l\u0131k ve \u00f6zellikle ambalaj konusunda uzman konumuna getirdi. Devaml\u0131 yenilikleri aramam\u0131z, en son teknolojileri takip edip uygulamam\u0131z bizi matbaac\u0131l\u0131k ve ambalaj sekt\u00f6r\u00fcn\u00fcn \u00f6nc\u00fc firmalar\u0131ndan biri haline getirdi.<\/p>\n","protected":false},"excerpt":{"rendered":"<p>Teknoloji ve insana yat\u0131r\u0131m Halaman\u2019\u0131n temellerinde vard\u0131r. Halaman Matbaac\u0131l\u0131k kuruldu\u011fu andan itibaren her d\u00f6nemin en ge\u00e7erli ve en y\u00fcksek bask\u0131 teknikleri ile teknolojilerini kullanarak \u015fu anki bilgi birikimine eri\u015fmi\u015ftir. G\u00fcn\u00fcm\u00fcz matbaac\u0131l\u0131\u011f\u0131 hem kaliteyi hem de h\u0131z\u0131 m\u00fc\u015fterilerine vermekle y\u00fck\u00fcml\u00fcd\u00fcr ve bu da ancak y\u00fcksek teknolojili \u00fcr\u00fcnleri kullanarak ger\u00e7ekle\u015ftirilebilir. Halaman Matbaac\u0131l\u0131k, teknoloji ve insana s\u00fcrekli yat\u0131r\u0131m &hellip; <a href=\"https:\/\/www.halaman.com\/tr\/matbaa\/filozofi\" class=\"more-link\">Continue reading <span class=\"screen-reader-text\">Filozofi<\/span><\/a><\/p>\n","protected":false},"author":2049,"featured_media":299,"parent":7,"menu_order":31,"comment_status":"closed","ping_status":"closed","template":"","meta":{"_acf_changed":false,"footnotes":""},"class_list":["post-11","page","type-page","status-publish","has-post-thumbnail","hentry"],"acf":[],"_links":{"self":[{"href":"https:\/\/www.halaman.com\/tr\/wp-json\/wp\/v2\/pages\/11","targetHints":{"allow":["GET"]}}],"collection":[{"href":"https:\/\/www.halaman.com\/tr\/wp-json\/wp\/v2\/pages"}],"about":[{"href":"https:\/\/www.halaman.com\/tr\/wp-json\/wp\/v2\/types\/page"}],"author":[{"embeddable":true,"href":"https:\/\/www.halaman.com\/tr\/wp-json\/wp\/v2\/users\/2049"}],"replies":[{"embeddable":true,"href":"https:\/\/www.halaman.com\/tr\/wp-json\/wp\/v2\/comments?post=11"}],"version-history":[{"count":0,"href":"https:\/\/www.halaman.com\/tr\/wp-json\/wp\/v2\/pages\/11\/revisions"}],"up":[{"embeddable":true,"href":"https:\/\/www.halaman.com\/tr\/wp-json\/wp\/v2\/pages\/7"}],"wp:featuredmedia":[{"embeddable":true,"href":"https:\/\/www.halaman.com\/tr\/wp-json\/wp\/v2\/media\/299"}],"wp:attachment":[{"href":"https:\/\/www.halaman.com\/tr\/wp-json\/wp\/v2\/media?parent=11"}],"curies":[{"name":"wp","href":"https:\/\/api.w.org\/{rel}","templated":true}]}}