{"id":12,"date":"2016-09-27T11:29:00","date_gmt":"2016-09-27T08:29:00","guid":{"rendered":"http:\/\/www.halaman.com\/?page_id=12"},"modified":"2017-02-03T11:28:44","modified_gmt":"2017-02-03T08:28:44","slug":"tarih","status":"publish","type":"page","link":"https:\/\/www.halaman.com\/tr\/matbaa\/tarih","title":{"rendered":"Tarih"},"content":{"rendered":"<p>40 y\u0131ldan beri;<br \/>\nHalaman klasik bir aile firmas\u0131d\u0131r. Bu kadar y\u0131ld\u0131r varolmam\u0131zdaki en \u00f6nemli unsurun<br \/>\n<strong>Cemal Halaman<\/strong>\u2019\u0131n\u00a0firmay\u0131 ilk kurdu\u011fu andan itibaren hep ileriyi d\u00fc\u015f\u00fcnmesi oldu\u011funa inan\u0131yoruz.<br \/>\nHer zaman en son bask\u0131 ve ambalaj teknolojileri ilgimizi \u00e7ekmi\u015f ve en iyi sonucu almak<br \/>\ni\u00e7in teknolojinin imkanlar\u0131 kullan\u0131lm\u0131\u015ft\u0131r.<\/p>\n","protected":false},"excerpt":{"rendered":"<p>40 y\u0131ldan beri; Halaman klasik bir aile firmas\u0131d\u0131r. Bu kadar y\u0131ld\u0131r varolmam\u0131zdaki en \u00f6nemli unsurun Cemal Halaman\u2019\u0131n\u00a0firmay\u0131 ilk kurdu\u011fu andan itibaren hep ileriyi d\u00fc\u015f\u00fcnmesi oldu\u011funa inan\u0131yoruz. Her zaman en son bask\u0131 ve ambalaj teknolojileri ilgimizi \u00e7ekmi\u015f ve en iyi sonucu almak i\u00e7in teknolojinin imkanlar\u0131 kullan\u0131lm\u0131\u015ft\u0131r.<\/p>\n","protected":false},"author":2049,"featured_media":551,"parent":7,"menu_order":34,"comment_status":"closed","ping_status":"closed","template":"page-templates\/tarih.php","meta":{"_acf_changed":false,"footnotes":""},"class_list":["post-12","page","type-page","status-publish","has-post-thumbnail","hentry"],"acf":[],"_links":{"self":[{"href":"https:\/\/www.halaman.com\/tr\/wp-json\/wp\/v2\/pages\/12","targetHints":{"allow":["GET"]}}],"collection":[{"href":"https:\/\/www.halaman.com\/tr\/wp-json\/wp\/v2\/pages"}],"about":[{"href":"https:\/\/www.halaman.com\/tr\/wp-json\/wp\/v2\/types\/page"}],"author":[{"embeddable":true,"href":"https:\/\/www.halaman.com\/tr\/wp-json\/wp\/v2\/users\/2049"}],"replies":[{"embeddable":true,"href":"https:\/\/www.halaman.com\/tr\/wp-json\/wp\/v2\/comments?post=12"}],"version-history":[{"count":0,"href":"https:\/\/www.halaman.com\/tr\/wp-json\/wp\/v2\/pages\/12\/revisions"}],"up":[{"embeddable":true,"href":"https:\/\/www.halaman.com\/tr\/wp-json\/wp\/v2\/pages\/7"}],"wp:featuredmedia":[{"embeddable":true,"href":"https:\/\/www.halaman.com\/tr\/wp-json\/wp\/v2\/media\/551"}],"wp:attachment":[{"href":"https:\/\/www.halaman.com\/tr\/wp-json\/wp\/v2\/media?parent=12"}],"curies":[{"name":"wp","href":"https:\/\/api.w.org\/{rel}","templated":true}]}}