{"id":14,"date":"2016-09-27T11:29:20","date_gmt":"2016-09-27T08:29:20","guid":{"rendered":"http:\/\/www.halaman.com\/?page_id=14"},"modified":"2025-02-13T15:17:52","modified_gmt":"2025-02-13T12:17:52","slug":"makine-parkuru","status":"publish","type":"page","link":"https:\/\/www.halaman.com\/tr\/matbaa\/makine-parkuru","title":{"rendered":"Makine Parkuru"},"content":{"rendered":"<p>En son teknoloji makinelerimiz birbiriyle tam entegre \u015fekilde \u00e7al\u0131\u015f\u0131p, birbirlerini tamamlay\u0131c\u0131 \u00f6zelliklere sahiptir. Ayn\u0131 anda bir\u00e7ok i\u015fi \u00fcretime alabilecek makine parkurumuz mevcut olup \u00fcretimin durmas\u0131 s\u00f6z konusu de\u011fildir. Bask\u0131 \u00f6ncesi, Bask\u0131 ve Bask\u0131 Sonras\u0131 makinelerimizin \u00e7e\u015fitlili\u011fi sayesinde her i\u015fi kendi b\u00fcnyemizde \u00fcretime al\u0131p, ayn\u0131 \u00e7at\u0131 alt\u0131nda sevkiyat\u0131n\u0131 yap\u0131yoruz.<\/p>\n<p><strong>Generaller<\/strong><\/p>\n<ul>\n<li>Heidelberg CX102-6 LX<\/li>\n<li>Heidelberg CD102-6 LX<\/li>\n<li>\n<div class=\"inline_video\"><a href=\"https:\/\/www.youtube.com\/watch?v=nfOShHB28XM&amp;t=3s\">HP Indigo 35K HD Dijital Bask\u0131 Makinesi<\/a><\/div>\n<\/li>\n<\/ul>\n<p><strong>Amiraller<\/strong><\/p>\n<ul>\n<li>Heidelberg CX75-6-LX-UV<\/li>\n<li>Heidelberg CX75-5-LX<\/li>\n<li>Heidelberg CD74-5-LX-UV<\/li>\n<\/ul>\n<p><strong>Bitiriciler<\/strong><\/p>\n<ul>\n<li>Steinemann Top Spot UV Makinesi<\/li>\n<li>Scodix Ultra Pro Dijital Laminasyon Makinesi<\/li>\n<li>Kama ProCut 76 Kesim Makinesi<\/li>\n<li>Steinemann Lotus Selefon Makinesi<\/li>\n<li>Tam Otomatik ESC Germany Serigraf Makinesi<\/li>\n<li>Heidelberg Varimatrix CSF 105 Yald\u0131z \u00dcniteli Kesim ve Ay\u0131klama Makinesi<\/li>\n<li>Heidelberg Varimatrix CS 105 Full Kesim ve Ay\u0131klama Makinesi (2 Adet)<\/li>\n<li>Bobst Speria 106 E Full Kesim ve Ay\u0131klama Makinesi<\/li>\n<li>Omega Allpro 100 Tam Otomatik Katlama, Yap\u0131\u015ft\u0131rma Makinesi (Otomatik s\u0131cak ve so\u011fuk tutkal tertibatl\u0131)<\/li>\n<li>Omega Allpro 90 Tam Otomatik Katlama, Yap\u0131\u015ft\u0131rma Makinesi (Otomatik s\u0131cak ve so\u011fuk tutkal tertibatl\u0131)<\/li>\n<li>Omega Allpro 70 Tam Otomatik Katlama, Yap\u0131\u015ft\u0131rma Makinesi (Otomatik s\u0131cak ve so\u011fuk tutkal tertibatl\u0131) (2 Adet)<\/li>\n<li>Heiber-Schroeder Full Otomatik Pencere Takma ve Yap\u0131\u015ft\u0131rma Makinesi (2 Adet)<\/li>\n<li>Heiber-Schroeder Full Otomatik Kutu Kurma\u00a0Makinesi<\/li>\n<li>Busch \u015eekilli Kesim Makinesi<\/li>\n<li>Esatec Otomatik Pencere, Tray Takma ve Yap\u0131\u015ft\u0131rma Makinesi<\/li>\n<li>Polar Giyotin Kesim (3 Adet)<\/li>\n<li>Focusight Full Otomatik Kameral\u0131 Etiket, Kutu Kalite Kontol Tarama Makinesi<\/li>\n<\/ul>\n<p><strong>Ko\u015fucular<\/strong><\/p>\n<ul>\n<li>Heidelberg\u00a0Suprasetter A105 Termal CTP<\/li>\n<li>Heidelberg\u00a0Suprasetter A106 Termal CTP<\/li>\n<li>Heidelberg Versafire CV Dijital Bask\u0131 Makinesi<\/li>\n<li>Heidelberg GTP Yald\u0131z \u00dcniteli Kesim Makinesi (5 Adet)<\/li>\n<li>Heidelberg 64x90cm Yald\u0131z \u00dcniteli Kesim Makinesi<\/li>\n<li>Heidelberg 57x82cm Kesim Makinesi<\/li>\n<li>Heidelberg 56x77cm Kesim Makinesi<\/li>\n<li>Heidelberg 46x64cm Yald\u0131z \u00dcniteli Kesim Makinesi<\/li>\n<li>Otomatik Selefon Makinesi<\/li>\n<li>Otomatik Serigraf Makinesi<\/li>\n<li>\u00c7ift Tarafl\u0131 Bant Yap\u0131\u015ft\u0131rma Makinesi<\/li>\n<li>T\u00fcnkers Karton S\u0131vama Makinesi<\/li>\n<\/ul>\n<p>Daha detayl\u0131 bilgi i\u00e7in l\u00fctfen bizimle ileti\u015fime ge\u00e7in.<\/p>\n","protected":false},"excerpt":{"rendered":"<p>En son teknoloji makinelerimiz birbiriyle tam entegre \u015fekilde \u00e7al\u0131\u015f\u0131p, birbirlerini tamamlay\u0131c\u0131 \u00f6zelliklere sahiptir. Ayn\u0131 anda bir\u00e7ok i\u015fi \u00fcretime alabilecek makine parkurumuz mevcut olup \u00fcretimin durmas\u0131 s\u00f6z konusu de\u011fildir. Bask\u0131 \u00f6ncesi, Bask\u0131 ve Bask\u0131 Sonras\u0131 makinelerimizin \u00e7e\u015fitlili\u011fi sayesinde her i\u015fi kendi b\u00fcnyemizde \u00fcretime al\u0131p, ayn\u0131 \u00e7at\u0131 alt\u0131nda sevkiyat\u0131n\u0131 yap\u0131yoruz. Generaller Heidelberg CX102-6 LX Heidelberg CD102-6 LX &hellip; <a href=\"https:\/\/www.halaman.com\/tr\/matbaa\/makine-parkuru\" class=\"more-link\">Continue reading <span class=\"screen-reader-text\">Makine Parkuru<\/span><\/a><\/p>\n","protected":false},"author":2049,"featured_media":299,"parent":7,"menu_order":40,"comment_status":"closed","ping_status":"closed","template":"","meta":{"_acf_changed":false,"footnotes":""},"class_list":["post-14","page","type-page","status-publish","has-post-thumbnail","hentry"],"acf":[],"_links":{"self":[{"href":"https:\/\/www.halaman.com\/tr\/wp-json\/wp\/v2\/pages\/14","targetHints":{"allow":["GET"]}}],"collection":[{"href":"https:\/\/www.halaman.com\/tr\/wp-json\/wp\/v2\/pages"}],"about":[{"href":"https:\/\/www.halaman.com\/tr\/wp-json\/wp\/v2\/types\/page"}],"author":[{"embeddable":true,"href":"https:\/\/www.halaman.com\/tr\/wp-json\/wp\/v2\/users\/2049"}],"replies":[{"embeddable":true,"href":"https:\/\/www.halaman.com\/tr\/wp-json\/wp\/v2\/comments?post=14"}],"version-history":[{"count":0,"href":"https:\/\/www.halaman.com\/tr\/wp-json\/wp\/v2\/pages\/14\/revisions"}],"up":[{"embeddable":true,"href":"https:\/\/www.halaman.com\/tr\/wp-json\/wp\/v2\/pages\/7"}],"wp:featuredmedia":[{"embeddable":true,"href":"https:\/\/www.halaman.com\/tr\/wp-json\/wp\/v2\/media\/299"}],"wp:attachment":[{"href":"https:\/\/www.halaman.com\/tr\/wp-json\/wp\/v2\/media?parent=14"}],"curies":[{"name":"wp","href":"https:\/\/api.w.org\/{rel}","templated":true}]}}