{"id":15,"date":"2016-09-27T11:29:29","date_gmt":"2016-09-27T08:29:29","guid":{"rendered":"http:\/\/www.halaman.com\/?page_id=15"},"modified":"2025-02-13T15:18:56","modified_gmt":"2025-02-13T12:18:56","slug":"referanslar","status":"publish","type":"page","link":"https:\/\/www.halaman.com\/tr\/matbaa\/referanslar","title":{"rendered":"Referanslar"},"content":{"rendered":"<p>De\u011fer kat\u0131yoruz. Mesaj ta\u015f\u0131yoruz.<\/p>\n<p>\u00dcr\u00fcnlerine de\u011fer katarak m\u00fc\u015fterilerimizin mesajlar\u0131n\u0131 d\u00fcnyaya ta\u015f\u0131yoruz. Halaman\u2019dan \u00e7\u0131kan her bir ambalaj bu mesajlar\u0131 ta\u015f\u0131r.<br \/>\nBu y\u00fczden g\u00fcvenilir ve profosyonel bir i\u015f orta\u011f\u0131 olarak an\u0131l\u0131r\u0131z.<\/p>\n<p>A\u015fa\u011f\u0131da baz\u0131 referanslar\u0131m\u0131z\u0131 bulabilirsiniz. T\u00fcm referans bilgilerimiz i\u00e7in bizimle temasa ge\u00e7ebilirsiniz.<\/p>\n<div id='gallery-1' class='gallery galleryid-15 gallery-columns-6 gallery-size-thumbnail'>\n<figure class='gallery-item'>\n<div class='gallery-icon landscape'>\n\t\t\t\t<img loading=\"lazy\" decoding=\"async\" width=\"150\" height=\"150\" src=\"https:\/\/www.halaman.com\/content\/uploads\/2016\/09\/lacoste_1-150x150.png\" class=\"attachment-thumbnail size-thumbnail\" alt=\"\" srcset=\"https:\/\/www.halaman.com\/content\/uploads\/2016\/09\/lacoste_1-150x150.png 150w, https:\/\/www.halaman.com\/content\/uploads\/2016\/09\/lacoste_1.png 200w\" sizes=\"(max-width: 150px) 100vw, 150px\" \/>\n\t\t\t<\/div>\n<\/figure>\n<figure class='gallery-item'>\n<div class='gallery-icon landscape'>\n\t\t\t\t<img loading=\"lazy\" decoding=\"async\" width=\"150\" height=\"150\" src=\"https:\/\/www.halaman.com\/content\/uploads\/2016\/09\/02-150x150.png\" class=\"attachment-thumbnail size-thumbnail\" alt=\"\" srcset=\"https:\/\/www.halaman.com\/content\/uploads\/2016\/09\/02-150x150.png 150w, https:\/\/www.halaman.com\/content\/uploads\/2016\/09\/02.png 200w\" sizes=\"(max-width: 150px) 100vw, 150px\" \/>\n\t\t\t<\/div>\n<\/figure>\n<figure class='gallery-item'>\n<div class='gallery-icon landscape'>\n\t\t\t\t<img loading=\"lazy\" decoding=\"async\" width=\"150\" height=\"150\" src=\"https:\/\/www.halaman.com\/content\/uploads\/2016\/09\/03-150x150.png\" class=\"attachment-thumbnail size-thumbnail\" alt=\"\" srcset=\"https:\/\/www.halaman.com\/content\/uploads\/2016\/09\/03-150x150.png 150w, https:\/\/www.halaman.com\/content\/uploads\/2016\/09\/03.png 200w\" sizes=\"(max-width: 150px) 100vw, 150px\" \/>\n\t\t\t<\/div>\n<\/figure>\n<figure class='gallery-item'>\n<div class='gallery-icon landscape'>\n\t\t\t\t<img loading=\"lazy\" decoding=\"async\" width=\"150\" height=\"150\" src=\"https:\/\/www.halaman.com\/content\/uploads\/2016\/09\/burgerking_1-150x150.png\" class=\"attachment-thumbnail size-thumbnail\" alt=\"\" srcset=\"https:\/\/www.halaman.com\/content\/uploads\/2016\/09\/burgerking_1-150x150.png 150w, https:\/\/www.halaman.com\/content\/uploads\/2016\/09\/burgerking_1.png 200w\" sizes=\"(max-width: 150px) 100vw, 150px\" \/>\n\t\t\t<\/div>\n<\/figure>\n<figure class='gallery-item'>\n<div class='gallery-icon landscape'>\n\t\t\t\t<img loading=\"lazy\" decoding=\"async\" width=\"150\" height=\"150\" src=\"https:\/\/www.halaman.com\/content\/uploads\/2016\/09\/05-150x150.png\" class=\"attachment-thumbnail size-thumbnail\" alt=\"\" srcset=\"https:\/\/www.halaman.com\/content\/uploads\/2016\/09\/05-150x150.png 150w, https:\/\/www.halaman.com\/content\/uploads\/2016\/09\/05.png 200w\" sizes=\"(max-width: 150px) 100vw, 150px\" \/>\n\t\t\t<\/div>\n<\/figure>\n<figure class='gallery-item'>\n<div class='gallery-icon landscape'>\n\t\t\t\t<img loading=\"lazy\" decoding=\"async\" width=\"150\" height=\"150\" src=\"https:\/\/www.halaman.com\/content\/uploads\/2016\/09\/underarmour_1-150x150.png\" class=\"attachment-thumbnail size-thumbnail\" alt=\"\" srcset=\"https:\/\/www.halaman.com\/content\/uploads\/2016\/09\/underarmour_1-150x150.png 150w, https:\/\/www.halaman.com\/content\/uploads\/2016\/09\/underarmour_1.png 200w\" sizes=\"(max-width: 150px) 100vw, 150px\" \/>\n\t\t\t<\/div>\n<\/figure>\n<figure class='gallery-item'>\n<div class='gallery-icon landscape'>\n\t\t\t\t<img loading=\"lazy\" decoding=\"async\" width=\"150\" height=\"150\" src=\"https:\/\/www.halaman.com\/content\/uploads\/2016\/09\/07-150x150.png\" class=\"attachment-thumbnail size-thumbnail\" alt=\"\" srcset=\"https:\/\/www.halaman.com\/content\/uploads\/2016\/09\/07-150x150.png 150w, https:\/\/www.halaman.com\/content\/uploads\/2016\/09\/07.png 200w\" sizes=\"(max-width: 150px) 100vw, 150px\" \/>\n\t\t\t<\/div>\n<\/figure>\n<figure class='gallery-item'>\n<div class='gallery-icon landscape'>\n\t\t\t\t<img loading=\"lazy\" decoding=\"async\" width=\"150\" height=\"150\" src=\"https:\/\/www.halaman.com\/content\/uploads\/2016\/09\/08-150x150.png\" class=\"attachment-thumbnail size-thumbnail\" alt=\"\" srcset=\"https:\/\/www.halaman.com\/content\/uploads\/2016\/09\/08-150x150.png 150w, https:\/\/www.halaman.com\/content\/uploads\/2016\/09\/08.png 200w\" sizes=\"(max-width: 150px) 100vw, 150px\" \/>\n\t\t\t<\/div>\n<\/figure>\n<figure class='gallery-item'>\n<div class='gallery-icon landscape'>\n\t\t\t\t<img loading=\"lazy\" decoding=\"async\" width=\"150\" height=\"150\" src=\"https:\/\/www.halaman.com\/content\/uploads\/2016\/09\/09-150x150.png\" class=\"attachment-thumbnail size-thumbnail\" alt=\"\" srcset=\"https:\/\/www.halaman.com\/content\/uploads\/2016\/09\/09-150x150.png 150w, https:\/\/www.halaman.com\/content\/uploads\/2016\/09\/09.png 200w\" sizes=\"(max-width: 150px) 100vw, 150px\" \/>\n\t\t\t<\/div>\n<\/figure>\n<figure class='gallery-item'>\n<div class='gallery-icon landscape'>\n\t\t\t\t<img loading=\"lazy\" decoding=\"async\" width=\"150\" height=\"150\" src=\"https:\/\/www.halaman.com\/content\/uploads\/2016\/09\/10-150x150.png\" class=\"attachment-thumbnail size-thumbnail\" alt=\"\" srcset=\"https:\/\/www.halaman.com\/content\/uploads\/2016\/09\/10-150x150.png 150w, https:\/\/www.halaman.com\/content\/uploads\/2016\/09\/10.png 200w\" sizes=\"(max-width: 150px) 100vw, 150px\" \/>\n\t\t\t<\/div>\n<\/figure>\n<figure class='gallery-item'>\n<div class='gallery-icon landscape'>\n\t\t\t\t<img loading=\"lazy\" decoding=\"async\" width=\"150\" height=\"150\" src=\"https:\/\/www.halaman.com\/content\/uploads\/2016\/09\/boots-150x150.png\" class=\"attachment-thumbnail size-thumbnail\" alt=\"\" srcset=\"https:\/\/www.halaman.com\/content\/uploads\/2016\/09\/boots-150x150.png 150w, https:\/\/www.halaman.com\/content\/uploads\/2016\/09\/boots.png 200w\" sizes=\"(max-width: 150px) 100vw, 150px\" \/>\n\t\t\t<\/div>\n<\/figure>\n<figure class='gallery-item'>\n<div class='gallery-icon landscape'>\n\t\t\t\t<img loading=\"lazy\" decoding=\"async\" width=\"150\" height=\"150\" src=\"https:\/\/www.halaman.com\/content\/uploads\/2016\/09\/lebourget-150x150.png\" class=\"attachment-thumbnail size-thumbnail\" alt=\"\" srcset=\"https:\/\/www.halaman.com\/content\/uploads\/2016\/09\/lebourget-150x150.png 150w, https:\/\/www.halaman.com\/content\/uploads\/2016\/09\/lebourget.png 200w\" sizes=\"(max-width: 150px) 100vw, 150px\" \/>\n\t\t\t<\/div>\n<\/figure><\/div>\n<p>Sizin de i\u015f orta\u011f\u0131n\u0131z olmam\u0131z\u0131 istiyorsan\u0131z l\u00fctfen bize ula\u015f\u0131n.<\/p>\n","protected":false},"excerpt":{"rendered":"<p>De\u011fer kat\u0131yoruz. Mesaj ta\u015f\u0131yoruz. \u00dcr\u00fcnlerine de\u011fer katarak m\u00fc\u015fterilerimizin mesajlar\u0131n\u0131 d\u00fcnyaya ta\u015f\u0131yoruz. Halaman\u2019dan \u00e7\u0131kan her bir ambalaj bu mesajlar\u0131 ta\u015f\u0131r. Bu y\u00fczden g\u00fcvenilir ve profosyonel bir i\u015f orta\u011f\u0131 olarak an\u0131l\u0131r\u0131z. A\u015fa\u011f\u0131da baz\u0131 referanslar\u0131m\u0131z\u0131 bulabilirsiniz. T\u00fcm referans bilgilerimiz i\u00e7in bizimle temasa ge\u00e7ebilirsiniz. Sizin de i\u015f orta\u011f\u0131n\u0131z olmam\u0131z\u0131 istiyorsan\u0131z l\u00fctfen bize ula\u015f\u0131n.<\/p>\n","protected":false},"author":2049,"featured_media":568,"parent":7,"menu_order":41,"comment_status":"closed","ping_status":"closed","template":"page-templates\/one-large-column.php","meta":{"_acf_changed":false,"footnotes":""},"class_list":["post-15","page","type-page","status-publish","has-post-thumbnail","hentry"],"acf":[],"_links":{"self":[{"href":"https:\/\/www.halaman.com\/tr\/wp-json\/wp\/v2\/pages\/15","targetHints":{"allow":["GET"]}}],"collection":[{"href":"https:\/\/www.halaman.com\/tr\/wp-json\/wp\/v2\/pages"}],"about":[{"href":"https:\/\/www.halaman.com\/tr\/wp-json\/wp\/v2\/types\/page"}],"author":[{"embeddable":true,"href":"https:\/\/www.halaman.com\/tr\/wp-json\/wp\/v2\/users\/2049"}],"replies":[{"embeddable":true,"href":"https:\/\/www.halaman.com\/tr\/wp-json\/wp\/v2\/comments?post=15"}],"version-history":[{"count":0,"href":"https:\/\/www.halaman.com\/tr\/wp-json\/wp\/v2\/pages\/15\/revisions"}],"up":[{"embeddable":true,"href":"https:\/\/www.halaman.com\/tr\/wp-json\/wp\/v2\/pages\/7"}],"wp:featuredmedia":[{"embeddable":true,"href":"https:\/\/www.halaman.com\/tr\/wp-json\/wp\/v2\/media\/568"}],"wp:attachment":[{"href":"https:\/\/www.halaman.com\/tr\/wp-json\/wp\/v2\/media?parent=15"}],"curies":[{"name":"wp","href":"https:\/\/api.w.org\/{rel}","templated":true}]}}