{"id":17,"date":"2016-09-27T11:29:57","date_gmt":"2016-09-27T08:29:57","guid":{"rendered":"http:\/\/www.halaman.com\/?page_id=17"},"modified":"2025-02-13T15:38:33","modified_gmt":"2025-02-13T12:38:33","slug":"yesil-matbaa","status":"publish","type":"page","link":"https:\/\/www.halaman.com\/tr\/matbaa\/yesil-matbaa","title":{"rendered":"Ye\u015fil Matbaa"},"content":{"rendered":"<p>D\u00fcnyam\u0131zda insanlar\u0131n bilin\u00e7lenmesiyle birlikte do\u011fay\u0131, do\u011fal ya\u015fam\u0131 korumaya y\u00f6nelik bir \u00e7ok projeler uygulanmakta, dernekler kurulmakta ve bilin\u00e7li insanlar bunlara b\u00fcy\u00fck destekler vermektedir.<\/p>\n<p>Halaman Matbaac\u0131l\u0131k olarak bizlerde do\u011fay\u0131 fazlas\u0131yla \u00f6nemsiyoruz. Ana hammedemiz olan ka\u011f\u0131d\u0131n do\u011fal ya\u015fam\u0131n vazge\u00e7ilmez par\u00e7as\u0131 olan ormanlara herhangi bir zarar vermedi\u011findinden emin olmak i\u00e7in FSC\u00ae Orman Y\u00f6netim Zincirine dahil olduk. Temennimiz bu zincirin artarak \u00e7o\u011falmas\u0131 ve bu bilincin \u00fcreticiler kadar t\u00fcketicilerede ge\u00e7mesidir.<\/p>\n<p>Ka\u011f\u0131tlar, matbaac\u0131lar olarak bizlerin do\u011fay\u0131 korumas\u0131nda en b\u00fcy\u00fck paya sahip bu do\u011fru. Fakat bunun yan\u0131nda o ka\u011f\u0131tlar\u0131n \u00fczerine bask\u0131 yapmak i\u00e7in kulland\u0131\u011f\u0131m\u0131z bask\u0131 m\u00fcrekkepleride do\u011faya dost olmal\u0131 ki tam olarak do\u011fa dostu bir \u00fcretim yapabilelim.<\/p>\n<p>Halaman Matbaac\u0131l\u0131k olarak bizler, ekolojik (genelde soya bazl\u0131) bask\u0131 m\u00fcrekkepleri kullanmaktay\u0131z. Ve bu m\u00fcrekkepleri kullanman\u0131n hava kirlili\u011fini azaltt\u0131\u011f\u0131 bilimsel bir ger\u00e7ektir. Bizim uzmanl\u0131k alan\u0131m\u0131z olan i\u015flerde do\u011fayla dost teknolojileri her zaman takip edip ilk uygulay\u0131c\u0131lar\u0131 olmaktan her zaman gurur duyduk, duyaca\u011f\u0131z.<\/p>\n<p>Ayr\u0131ca T\u00fcrkiye\u2019de m\u00fc\u015fterilerine \u201ckarbon emisyonsuz\u201d bask\u0131 ve \u00fcr\u00fcn se\u00e7enekleri sunan ilk matbaa ve ambalaj firmas\u0131 olduk.<\/p>\n<p>Aile firmas\u0131 olarak, gelecek nesillere temiz bir \u00e7evre b\u0131rakmak bizim i\u00e7in \u00e7ok \u00f6nemli bir husustur. Bu y\u00fczden firmam\u0131zda \u00e7evresel kaynaklar\u0131 d\u00fczg\u00fcn kullanmaya y\u00f6nelik \u00e7evre politikalar\u0131 uyguluyoruz. Bu da \u00e7evreye olan olumsuz etkimizi en aza indirmemize olanak sa\u011fl\u0131yor. Hedefimiz gelecek nesillere daha temiz bir d\u00fcnya b\u0131rakmakt\u0131r. Bu hedefimizi ger\u00e7ekle\u015ftirmek i\u00e7in uygulad\u0131\u011f\u0131m\u0131z baz\u0131 politikalar \u015funlard\u0131r;<\/p>\n<ul>\n<li>Organik, bitkisel bazl\u0131 m\u00fcrekkepler kullanmak<\/li>\n<li>Organik solventler kullanmak<\/li>\n<li>FSC\u00ae Sertifikal\u0131 ka\u011f\u0131tlar\u0131n kullan\u0131m\u0131n\u0131 te\u015fvik etmek<\/li>\n<li>Senede 1500 tondan fazla ka\u011f\u0131d\u0131 geri d\u00f6n\u00fc\u015f\u00fcm i\u015flemine vermek<\/li>\n<li>Kimyasal maddesiz bask\u0131 kal\u0131plar\u0131 kullanmak<\/li>\n<li>M\u00fc\u015fterilere, sertifikal\u0131 karbon emisyonsuz \u00fcr\u00fcn se\u00e7enekleri sunmak.<\/li>\n<\/ul>\n<p>Gelece\u011fe g\u00fcvenle bakan bir nesil i\u00e7in gururla \u00e7al\u0131\u015f\u0131yoruz.<\/p>\n<p>\u00c7evre dostu ambalajlar m\u0131 kullanmak istiyorsunuz?<br \/>\nL\u00fctfen bize ula\u015f\u0131n.<\/p>\n","protected":false},"excerpt":{"rendered":"<p>D\u00fcnyam\u0131zda insanlar\u0131n bilin\u00e7lenmesiyle birlikte do\u011fay\u0131, do\u011fal ya\u015fam\u0131 korumaya y\u00f6nelik bir \u00e7ok projeler uygulanmakta, dernekler kurulmakta ve bilin\u00e7li insanlar bunlara b\u00fcy\u00fck destekler vermektedir. Halaman Matbaac\u0131l\u0131k olarak bizlerde do\u011fay\u0131 fazlas\u0131yla \u00f6nemsiyoruz. Ana hammedemiz olan ka\u011f\u0131d\u0131n do\u011fal ya\u015fam\u0131n vazge\u00e7ilmez par\u00e7as\u0131 olan ormanlara herhangi bir zarar vermedi\u011findinden emin olmak i\u00e7in FSC\u00ae Orman Y\u00f6netim Zincirine dahil olduk. Temennimiz bu zincirin &hellip; <a href=\"https:\/\/www.halaman.com\/tr\/matbaa\/yesil-matbaa\" class=\"more-link\">Continue reading <span class=\"screen-reader-text\">Ye\u015fil Matbaa<\/span><\/a><\/p>\n","protected":false},"author":2049,"featured_media":320,"parent":7,"menu_order":70,"comment_status":"closed","ping_status":"closed","template":"","meta":{"_acf_changed":false,"footnotes":""},"class_list":["post-17","page","type-page","status-publish","has-post-thumbnail","hentry"],"acf":[],"_links":{"self":[{"href":"https:\/\/www.halaman.com\/tr\/wp-json\/wp\/v2\/pages\/17","targetHints":{"allow":["GET"]}}],"collection":[{"href":"https:\/\/www.halaman.com\/tr\/wp-json\/wp\/v2\/pages"}],"about":[{"href":"https:\/\/www.halaman.com\/tr\/wp-json\/wp\/v2\/types\/page"}],"author":[{"embeddable":true,"href":"https:\/\/www.halaman.com\/tr\/wp-json\/wp\/v2\/users\/2049"}],"replies":[{"embeddable":true,"href":"https:\/\/www.halaman.com\/tr\/wp-json\/wp\/v2\/comments?post=17"}],"version-history":[{"count":0,"href":"https:\/\/www.halaman.com\/tr\/wp-json\/wp\/v2\/pages\/17\/revisions"}],"up":[{"embeddable":true,"href":"https:\/\/www.halaman.com\/tr\/wp-json\/wp\/v2\/pages\/7"}],"wp:featuredmedia":[{"embeddable":true,"href":"https:\/\/www.halaman.com\/tr\/wp-json\/wp\/v2\/media\/320"}],"wp:attachment":[{"href":"https:\/\/www.halaman.com\/tr\/wp-json\/wp\/v2\/media?parent=17"}],"curies":[{"name":"wp","href":"https:\/\/api.w.org\/{rel}","templated":true}]}}