{"id":18,"date":"2016-09-27T11:30:30","date_gmt":"2016-09-27T08:30:30","guid":{"rendered":"http:\/\/www.halaman.com\/?page_id=18"},"modified":"2024-12-02T17:06:56","modified_gmt":"2024-12-02T14:06:56","slug":"grafik-tasarim","status":"publish","type":"page","link":"https:\/\/www.halaman.com\/tr\/servisler\/grafik-tasarim","title":{"rendered":"Grafik Tasar\u0131m"},"content":{"rendered":"<p>G\u00fcn\u00fcm\u00fczde kafam\u0131z\u0131 nereye \u00e7evirsek bize mesaj vermek isteyen, ilgimizi \u00e7ekmeye \u00e7al\u0131\u015fan bir grafik \u00a0veya tasar\u0131mla kar\u015f\u0131la\u015f\u0131r\u0131z. Bu akl\u0131n\u0131za gelebilecek her \u00fcr\u00fcn i\u00e7in, olay i\u00e7in ge\u00e7erlidir. Matbaac\u0131l\u0131kta da grafik ve tasar\u0131m\u0131n \u00f6nemini anlayabilmek, yap\u0131lacak olan i\u015fin sorunsuz bir \u015fekilde \u00fcretilebilmesiyle\u00a0e\u015fde\u011ferlidir.<\/p>\n<p>Daha \u00fcr\u00fcnler bask\u0131ya girmeden iyi tasarlanmam\u0131\u015fsa malesef ki yap\u0131lan onca i\u015flem, emek, para \u00e7\u00f6p olmu\u015f demektir. Biz ilk kurulu\u015fumuzdan itibaren teknolojinin bize sundu\u011fu imkanlardan yararlamaya \u00e7al\u0131\u015ft\u0131k ve iyi tasarlanm\u0131\u015f bir i\u015fin sa\u011fl\u0131kl\u0131 \u00fcretimin temeli oldu\u011funu t\u00fcm \u00e7al\u0131\u015fanlar\u0131m\u0131za aksettirdik.<\/p>\n<p>Bu sayede m\u00fc\u015fterilerimize herg\u00fcn daha h\u0131zl\u0131, yarat\u0131c\u0131 ve dinamik fikirler sunuyoruz. 12 ki\u015filik Grafik &amp; Tasar\u0131m ekibimiz her t\u00fcrl\u00fc i\u015finizi bask\u0131ya en uygun olarak tasarlar, haz\u0131rlar ve kusursuz bir ambalaj\u0131n\u00a0temelini burada atm\u0131\u015f olurlar.<\/p>\n","protected":false},"excerpt":{"rendered":"<p>G\u00fcn\u00fcm\u00fczde kafam\u0131z\u0131 nereye \u00e7evirsek bize mesaj vermek isteyen, ilgimizi \u00e7ekmeye \u00e7al\u0131\u015fan bir grafik \u00a0veya tasar\u0131mla kar\u015f\u0131la\u015f\u0131r\u0131z. Bu akl\u0131n\u0131za gelebilecek her \u00fcr\u00fcn i\u00e7in, olay i\u00e7in ge\u00e7erlidir. Matbaac\u0131l\u0131kta da grafik ve tasar\u0131m\u0131n \u00f6nemini anlayabilmek, yap\u0131lacak olan i\u015fin sorunsuz bir \u015fekilde \u00fcretilebilmesiyle\u00a0e\u015fde\u011ferlidir. Daha \u00fcr\u00fcnler bask\u0131ya girmeden iyi tasarlanmam\u0131\u015fsa malesef ki yap\u0131lan onca i\u015flem, emek, para \u00e7\u00f6p olmu\u015f demektir. &hellip; <a href=\"https:\/\/www.halaman.com\/tr\/servisler\/grafik-tasarim\" class=\"more-link\">Continue reading <span class=\"screen-reader-text\">Grafik Tasar\u0131m<\/span><\/a><\/p>\n","protected":false},"author":2049,"featured_media":340,"parent":8,"menu_order":2,"comment_status":"closed","ping_status":"closed","template":"","meta":{"_acf_changed":false,"footnotes":""},"class_list":["post-18","page","type-page","status-publish","has-post-thumbnail","hentry"],"acf":[],"_links":{"self":[{"href":"https:\/\/www.halaman.com\/tr\/wp-json\/wp\/v2\/pages\/18","targetHints":{"allow":["GET"]}}],"collection":[{"href":"https:\/\/www.halaman.com\/tr\/wp-json\/wp\/v2\/pages"}],"about":[{"href":"https:\/\/www.halaman.com\/tr\/wp-json\/wp\/v2\/types\/page"}],"author":[{"embeddable":true,"href":"https:\/\/www.halaman.com\/tr\/wp-json\/wp\/v2\/users\/2049"}],"replies":[{"embeddable":true,"href":"https:\/\/www.halaman.com\/tr\/wp-json\/wp\/v2\/comments?post=18"}],"version-history":[{"count":0,"href":"https:\/\/www.halaman.com\/tr\/wp-json\/wp\/v2\/pages\/18\/revisions"}],"up":[{"embeddable":true,"href":"https:\/\/www.halaman.com\/tr\/wp-json\/wp\/v2\/pages\/8"}],"wp:featuredmedia":[{"embeddable":true,"href":"https:\/\/www.halaman.com\/tr\/wp-json\/wp\/v2\/media\/340"}],"wp:attachment":[{"href":"https:\/\/www.halaman.com\/tr\/wp-json\/wp\/v2\/media?parent=18"}],"curies":[{"name":"wp","href":"https:\/\/api.w.org\/{rel}","templated":true}]}}