{"id":19,"date":"2016-09-27T11:30:39","date_gmt":"2016-09-27T08:30:39","guid":{"rendered":"http:\/\/www.halaman.com\/?page_id=19"},"modified":"2025-02-13T16:02:09","modified_gmt":"2025-02-13T13:02:09","slug":"baski-oncesi","status":"publish","type":"page","link":"https:\/\/www.halaman.com\/tr\/servisler\/baski-oncesi","title":{"rendered":"Bask\u0131 \u00d6ncesi"},"content":{"rendered":"<p>Bask\u0131 \u00f6ncesi b\u00f6l\u00fcm\u00fcn\u00fcn en \u00f6nemli i\u015flevi, elektronik olarak haz\u0131rlanm\u0131\u015f olan i\u015fin bask\u0131 makinelerinin kullan\u0131m\u0131 i\u00e7in fiziki hale getirilmesi i\u015flemidir. Bunun i\u00e7in kullan\u0131lan en \u00f6nemli teknoloji CTP (Computer to Plate), yani bilgisayardan kal\u0131ba otomatik olarak pozland\u0131rma yapan bir sistemdir.<\/p>\n<p>Bu teknoloji sayesinde sadece birka\u00e7 dakika i\u00e7inde bask\u0131ya girmek m\u00fcmk\u00fcn olabilmektedir. Bunun yan\u0131nda CTP, bask\u0131n\u0131n netli\u011fini ve kalitesini do\u011frudan en \u00fcst seviyeye \u00e7\u0131karan bir teknolojidir. Bu b\u00f6l\u00fcm\u00fcm\u00fczde sahip oldu\u011fumuz 2 adet CTP makinesi ile m\u00fc\u015fterilerimize her ebatta i\u015f i\u00e7in kesintisiz bir \u00fcretim sunmaktay\u0131z.<\/p>\n<p>Ayr\u0131ca, Heidelberg taraf\u0131ndan geli\u015ftirilmi\u015f olan Prinect Prepress Interface (Bask\u0131 \u00d6ncesi Aray\u00fcz\u00fc) entegrasyonu sayesinde makinelerimiz aras\u0131nda tam uyumlu bir ileti\u015fim sa\u011flanmaktad\u0131r. Bu aray\u00fcz sayesinde h\u0131z\u0131m\u0131z y\u00fckselirken, fire oranlar\u0131nda ciddi azalmalar sa\u011flanmaktad\u0131r.<\/p>\n<p>CTP makineleriyle kal\u0131plar\u0131 al\u0131narak bask\u0131ya haz\u0131rlanan i\u015fler, Heidelberg taraf\u0131ndan geli\u015ftirilen, d\u00fcnyan\u0131n en \u00f6nde gelen spektrofotometrik \u00f6l\u00e7\u00fcm cihaz\u0131 &#8220;Prinect Image Control&#8221; ile test a\u015famas\u0131nda bask\u0131 \u00f6ncesinde kontrol edilmektedir. B\u00f6ylece, renkler t\u00fcm s\u00fcre\u00e7 boyunca otomatik olarak \u00f6l\u00e7\u00fclerek gerekti\u011finde d\u00fczenlenebilmektedir.<\/p>\n","protected":false},"excerpt":{"rendered":"<p>Bask\u0131 \u00f6ncesi b\u00f6l\u00fcm\u00fcn\u00fcn en \u00f6nemli i\u015flevi, elektronik olarak haz\u0131rlanm\u0131\u015f olan i\u015fin bask\u0131 makinelerinin kullan\u0131m\u0131 i\u00e7in fiziki hale getirilmesi i\u015flemidir. Bunun i\u00e7in kullan\u0131lan en \u00f6nemli teknoloji CTP (Computer to Plate), yani bilgisayardan kal\u0131ba otomatik olarak pozland\u0131rma yapan bir sistemdir. Bu teknoloji sayesinde sadece birka\u00e7 dakika i\u00e7inde bask\u0131ya girmek m\u00fcmk\u00fcn olabilmektedir. Bunun yan\u0131nda CTP, bask\u0131n\u0131n netli\u011fini ve &hellip; <a href=\"https:\/\/www.halaman.com\/tr\/servisler\/baski-oncesi\" class=\"more-link\">Continue reading <span class=\"screen-reader-text\">Bask\u0131 \u00d6ncesi<\/span><\/a><\/p>\n","protected":false},"author":2049,"featured_media":332,"parent":8,"menu_order":5,"comment_status":"closed","ping_status":"closed","template":"","meta":{"_acf_changed":false,"footnotes":""},"class_list":["post-19","page","type-page","status-publish","has-post-thumbnail","hentry"],"acf":[],"_links":{"self":[{"href":"https:\/\/www.halaman.com\/tr\/wp-json\/wp\/v2\/pages\/19","targetHints":{"allow":["GET"]}}],"collection":[{"href":"https:\/\/www.halaman.com\/tr\/wp-json\/wp\/v2\/pages"}],"about":[{"href":"https:\/\/www.halaman.com\/tr\/wp-json\/wp\/v2\/types\/page"}],"author":[{"embeddable":true,"href":"https:\/\/www.halaman.com\/tr\/wp-json\/wp\/v2\/users\/2049"}],"replies":[{"embeddable":true,"href":"https:\/\/www.halaman.com\/tr\/wp-json\/wp\/v2\/comments?post=19"}],"version-history":[{"count":0,"href":"https:\/\/www.halaman.com\/tr\/wp-json\/wp\/v2\/pages\/19\/revisions"}],"up":[{"embeddable":true,"href":"https:\/\/www.halaman.com\/tr\/wp-json\/wp\/v2\/pages\/8"}],"wp:featuredmedia":[{"embeddable":true,"href":"https:\/\/www.halaman.com\/tr\/wp-json\/wp\/v2\/media\/332"}],"wp:attachment":[{"href":"https:\/\/www.halaman.com\/tr\/wp-json\/wp\/v2\/media?parent=19"}],"curies":[{"name":"wp","href":"https:\/\/api.w.org\/{rel}","templated":true}]}}