{"id":21,"date":"2016-09-27T11:30:57","date_gmt":"2016-09-27T08:30:57","guid":{"rendered":"http:\/\/www.halaman.com\/?page_id=21"},"modified":"2025-02-14T13:23:38","modified_gmt":"2025-02-14T10:23:38","slug":"baski-sonrasi","status":"publish","type":"page","link":"https:\/\/www.halaman.com\/tr\/servisler\/baski-sonrasi","title":{"rendered":"Bask\u0131 Sonras\u0131"},"content":{"rendered":"<p>Bask\u0131 sonras\u0131, kendi i\u00e7inde \u00e7ok fazla b\u00f6l\u00fcme ayr\u0131labilen ve bas\u0131lan i\u015fin g\u00fczel ayr\u0131nt\u0131larla s\u00fcslenip, \u00e7e\u015fitli detaylar\u0131n eklenmesine imkan sa\u011flayan bir b\u00f6l\u00fcmd\u00fcr. Burada \u015fekilli kesimden, k\u0131smi laka, varak yald\u0131zdan, selefona, gofreye(kabartma) kadar bir \u00e7ok alternatif vard\u0131r.<\/p>\n<p>Bizim avantaj\u0131m\u0131z, b\u00fct\u00fcn bask\u0131 sonras\u0131 i\u015flemleri kendi b\u00fcnyemizde yapabilmemiz. Halaman&#8217;a gelen bir i\u015finiz tasar\u0131m halinden son ana kadar Halaman \u00e7at\u0131s\u0131 alt\u0131nda \u00fcretilir. B\u00f6ylece %100 kontrol edilebilir bir s\u00fcreci size sa\u011flam\u0131\u015f oluruz.<\/p>\n<p>Konusunda uzman bask\u0131 sonras\u0131 ekibimiz \u00fcr\u00fcnlerin m\u00fc\u015fteri ihtiya\u00e7lar\u0131n\u0131 kar\u015f\u0131lad\u0131\u011f\u0131ndan emin olup en y\u00fcksek kaliteyi yakalamay\u0131 hedefler.<\/p>\n<p>Bu b\u00f6l\u00fcmde farkl\u0131 bir\u00e7ok makinemiz vard\u0131r. T\u00fcm makine listemizi g\u00f6rmek i\u00e7in l\u00fctfen <a href=\"https:\/\/www.halaman.com\/tr\/matbaa\/makine-parkuru\">buraya<\/a> t\u0131klay\u0131n\u0131z.<\/p>\n<p><img decoding=\"async\" class=\"alignnone size-full wp-image-2684\" src=\"https:\/\/www.halaman.com\/content\/uploads\/2025\/02\/DSC02810.jpg\" alt=\"\" width=\"1798\" height=\"1199\" \/ loading=\"lazy\" srcset=\"https:\/\/www.halaman.com\/content\/uploads\/2025\/02\/DSC02810.jpg 1798w, https:\/\/www.halaman.com\/content\/uploads\/2025\/02\/DSC02810-300x200.jpg 300w, https:\/\/www.halaman.com\/content\/uploads\/2025\/02\/DSC02810-1024x683.jpg 1024w, https:\/\/www.halaman.com\/content\/uploads\/2025\/02\/DSC02810-768x512.jpg 768w, https:\/\/www.halaman.com\/content\/uploads\/2025\/02\/DSC02810-1536x1024.jpg 1536w, https:\/\/www.halaman.com\/content\/uploads\/2025\/02\/DSC02810-420x280.jpg 420w\" sizes=\"(max-width: 1798px) 100vw, 1798px\" \/><\/p>\n","protected":false},"excerpt":{"rendered":"<p>Bask\u0131 sonras\u0131, kendi i\u00e7inde \u00e7ok fazla b\u00f6l\u00fcme ayr\u0131labilen ve bas\u0131lan i\u015fin g\u00fczel ayr\u0131nt\u0131larla s\u00fcslenip, \u00e7e\u015fitli detaylar\u0131n eklenmesine imkan sa\u011flayan bir b\u00f6l\u00fcmd\u00fcr. Burada \u015fekilli kesimden, k\u0131smi laka, varak yald\u0131zdan, selefona, gofreye(kabartma) kadar bir \u00e7ok alternatif vard\u0131r. Bizim avantaj\u0131m\u0131z, b\u00fct\u00fcn bask\u0131 sonras\u0131 i\u015flemleri kendi b\u00fcnyemizde yapabilmemiz. Halaman&#8217;a gelen bir i\u015finiz tasar\u0131m halinden son ana kadar Halaman \u00e7at\u0131s\u0131 &hellip; <a href=\"https:\/\/www.halaman.com\/tr\/servisler\/baski-sonrasi\" class=\"more-link\">Continue reading <span class=\"screen-reader-text\">Bask\u0131 Sonras\u0131<\/span><\/a><\/p>\n","protected":false},"author":2049,"featured_media":570,"parent":8,"menu_order":14,"comment_status":"closed","ping_status":"closed","template":"","meta":{"_acf_changed":false,"footnotes":""},"class_list":["post-21","page","type-page","status-publish","has-post-thumbnail","hentry"],"acf":[],"_links":{"self":[{"href":"https:\/\/www.halaman.com\/tr\/wp-json\/wp\/v2\/pages\/21","targetHints":{"allow":["GET"]}}],"collection":[{"href":"https:\/\/www.halaman.com\/tr\/wp-json\/wp\/v2\/pages"}],"about":[{"href":"https:\/\/www.halaman.com\/tr\/wp-json\/wp\/v2\/types\/page"}],"author":[{"embeddable":true,"href":"https:\/\/www.halaman.com\/tr\/wp-json\/wp\/v2\/users\/2049"}],"replies":[{"embeddable":true,"href":"https:\/\/www.halaman.com\/tr\/wp-json\/wp\/v2\/comments?post=21"}],"version-history":[{"count":0,"href":"https:\/\/www.halaman.com\/tr\/wp-json\/wp\/v2\/pages\/21\/revisions"}],"up":[{"embeddable":true,"href":"https:\/\/www.halaman.com\/tr\/wp-json\/wp\/v2\/pages\/8"}],"wp:featuredmedia":[{"embeddable":true,"href":"https:\/\/www.halaman.com\/tr\/wp-json\/wp\/v2\/media\/570"}],"wp:attachment":[{"href":"https:\/\/www.halaman.com\/tr\/wp-json\/wp\/v2\/media?parent=21"}],"curies":[{"name":"wp","href":"https:\/\/api.w.org\/{rel}","templated":true}]}}