{"id":22,"date":"2016-09-27T11:32:20","date_gmt":"2016-09-27T08:32:20","guid":{"rendered":"http:\/\/www.halaman.com\/?page_id=22"},"modified":"2024-02-13T17:01:57","modified_gmt":"2024-02-13T14:01:57","slug":"idari-isler","status":"publish","type":"page","link":"https:\/\/www.halaman.com\/tr\/iletisim\/idari-isler","title":{"rendered":"\u0130dari \u0130\u015fler"},"content":{"rendered":"<div class=\"person_list\">\n<ul>\n<li>\n<h2>Tarkan\u00a0K\u0131r\u0131c\u0131<\/h2>\n<p>Fabrika M\u00fcd\u00fcr\u00fc<\/p>\n<div>T: +90 212 8670100<\/div>\n<div>E: <a href=\"mailto:tarkan.kirici@halaman.com\">tarkan.kirici@halaman.com<\/a><\/div>\n<\/li>\n<li>\n<h2>Seda Toprak<\/h2>\n<p>Sat\u0131nalma M\u00fcd\u00fcr\u00fc<\/p>\n<div>T: +90 212 8670100<\/div>\n<div>E: <a href=\"mailto:satinalma@halaman.com\">satinalma@halaman.com<\/a><\/div>\n<\/li>\n<li>\n<h2>G\u00fcl\u015fen \u00c7imenler<\/h2>\n<p>\u0130nsan Kaynaklar\u0131\u00a0M\u00fcd\u00fcr\u00fc<\/p>\n<div>T: +90 212 8670100<\/div>\n<div>E:\u00a0<a href=\"mailto:gulsen@halaman.com\">gulsen@halaman.com<\/a><\/div>\n<\/li>\n<li>\n<h2>Mustafa Y\u00fcksel<\/h2>\n<p>Grafik ve Tasar\u0131m Y\u00f6neticisi<\/p>\n<div>T: +90 212 8670100<\/div>\n<div>E: <a href=\"mailto:mustafa@halaman.com\">mustafa@halaman.com<\/a><\/div>\n<\/li>\n<li>\n<h2>Melike Kurtfak\u0131<\/h2>\n<p>Kalite ve Y\u00f6n. Sist. M\u00fcd\u00fcr\u00fc<\/p>\n<div>T: +90 212 8670100<\/div>\n<div>E: <a href=\"mailto:melike@halaman.com\">melike@halaman.com<\/a><\/div>\n<\/li>\n<li>\n<h2>Can\u00a0Arslan<\/h2>\n<p>ERP &amp; IT Y\u00f6neticisi<\/p>\n<div>T: +90 212 8670100<\/div>\n<div>E: <a href=\"mailto:can@halaman.com\">can@halaman.com<\/a><\/div>\n<\/li>\n<\/ul>\n<\/div>\n","protected":false},"excerpt":{"rendered":"<p>Tarkan\u00a0K\u0131r\u0131c\u0131 Fabrika M\u00fcd\u00fcr\u00fc T: +90 212 8670100 E: tarkan.kirici@halaman.com Seda Toprak Sat\u0131nalma M\u00fcd\u00fcr\u00fc T: +90 212 8670100 E: satinalma@halaman.com G\u00fcl\u015fen \u00c7imenler \u0130nsan Kaynaklar\u0131\u00a0M\u00fcd\u00fcr\u00fc T: +90 212 8670100 E:\u00a0gulsen@halaman.com Mustafa Y\u00fcksel Grafik ve Tasar\u0131m Y\u00f6neticisi T: +90 212 8670100 E: mustafa@halaman.com Melike Kurtfak\u0131 Kalite ve Y\u00f6n. Sist. M\u00fcd\u00fcr\u00fc T: +90 212 8670100 E: melike@halaman.com Can\u00a0Arslan ERP &hellip; <a href=\"https:\/\/www.halaman.com\/tr\/iletisim\/idari-isler\" class=\"more-link\">Continue reading <span class=\"screen-reader-text\">\u0130dari \u0130\u015fler<\/span><\/a><\/p>\n","protected":false},"author":2049,"featured_media":576,"parent":9,"menu_order":45,"comment_status":"closed","ping_status":"closed","template":"page-templates\/one-column.php","meta":{"_acf_changed":false,"footnotes":""},"class_list":["post-22","page","type-page","status-publish","has-post-thumbnail","hentry"],"acf":[],"_links":{"self":[{"href":"https:\/\/www.halaman.com\/tr\/wp-json\/wp\/v2\/pages\/22","targetHints":{"allow":["GET"]}}],"collection":[{"href":"https:\/\/www.halaman.com\/tr\/wp-json\/wp\/v2\/pages"}],"about":[{"href":"https:\/\/www.halaman.com\/tr\/wp-json\/wp\/v2\/types\/page"}],"author":[{"embeddable":true,"href":"https:\/\/www.halaman.com\/tr\/wp-json\/wp\/v2\/users\/2049"}],"replies":[{"embeddable":true,"href":"https:\/\/www.halaman.com\/tr\/wp-json\/wp\/v2\/comments?post=22"}],"version-history":[{"count":0,"href":"https:\/\/www.halaman.com\/tr\/wp-json\/wp\/v2\/pages\/22\/revisions"}],"up":[{"embeddable":true,"href":"https:\/\/www.halaman.com\/tr\/wp-json\/wp\/v2\/pages\/9"}],"wp:featuredmedia":[{"embeddable":true,"href":"https:\/\/www.halaman.com\/tr\/wp-json\/wp\/v2\/media\/576"}],"wp:attachment":[{"href":"https:\/\/www.halaman.com\/tr\/wp-json\/wp\/v2\/media?parent=22"}],"curies":[{"name":"wp","href":"https:\/\/api.w.org\/{rel}","templated":true}]}}