{"id":2308,"date":"2024-12-02T17:00:23","date_gmt":"2024-12-02T14:00:23","guid":{"rendered":"https:\/\/www.halaman.com\/?page_id=2308"},"modified":"2025-02-26T16:49:42","modified_gmt":"2025-02-26T13:49:42","slug":"dijital-baski","status":"publish","type":"page","link":"https:\/\/www.halaman.com\/tr\/servisler\/dijital-baski","title":{"rendered":"Dijital Bask\u0131"},"content":{"rendered":"<p>Halaman Matbaac\u0131l\u0131k ve Ambalaj olarak, m\u00fc\u015fterilerimizin ve sekt\u00f6r\u00fcn de\u011fi\u015fen ihtiya\u00e7lar\u0131n\u0131 kar\u015f\u0131lamak i\u00e7in en son dijital bask\u0131 teknolojilerini kullanarak yenili\u011fin \u00f6nc\u00fcs\u00fc olmaya devam ediyoruz.<\/p>\n<p>D\u00fcnyan\u0131n ilk HD versiyonlu olarak \u00fcretilen <strong>HP Indigo 35K HD Dijital Bask\u0131 Makinemiz<\/strong>, teknolojiye olan ba\u011fl\u0131l\u0131\u011f\u0131m\u0131z\u0131n bir kan\u0131t\u0131d\u0131r. Bu \u00e7\u0131\u011f\u0131r a\u00e7an yat\u0131r\u0131m, y\u00fcksek kaliteli, \u00e7ok y\u00f6nl\u00fc ve s\u00fcrd\u00fcr\u00fclebilir bask\u0131 \u00e7\u00f6z\u00fcmlerine y\u00f6nelik artan talebi kar\u015f\u0131lamak i\u00e7in yap\u0131lm\u0131\u015f olup, h\u0131zla geli\u015fen sekt\u00f6rde \u00f6nc\u00fc konumumuzu korumam\u0131z\u0131 sa\u011flamaktad\u0131r.<\/p>\n<p>Dijital bask\u0131 yat\u0131r\u0131m\u0131n\u0131 yapt\u0131ktan sonra, bu son teknoloji bask\u0131 makinemiz i\u00e7in fabrikam\u0131zda \u00e7ok \u00f6zel bir alan tahsis ettik ve bu \u00f6zel kapal\u0131 alana &#8220;<strong>Future Zone<\/strong>&#8221; ad\u0131n\u0131 verdik. Bu alan yaln\u0131zca dijital bask\u0131 makinemizi de\u011fil, ayn\u0131 zamanda <strong>Scodix Ultra Pro<\/strong> geli\u015fmi\u015f dijital efekt makinemizi de bar\u0131nd\u0131rmaktad\u0131r. B\u00f6ylece dijital bask\u0131 ve sonland\u0131rma teknolojilerini en iyi \u015fekilde bir araya getirerek m\u00fc\u015fterilerimize en \u00fcst d\u00fczey \u00e7\u00f6z\u00fcmler sunuyoruz.<\/p>\n<p>Bu ileri teknolojiye sahip dijital bask\u0131 makinesi, benzersiz bir hassasiyet sunarak farkl\u0131 malzemeler \u00fczerinde g\u00f6z al\u0131c\u0131, y\u00fcksek \u00e7\u00f6z\u00fcn\u00fcrl\u00fckl\u00fc bask\u0131lar yapma kapasitesine sahiptir. Geli\u015fmi\u015f renk do\u011frulu\u011fu, ola\u011fan\u00fcst\u00fc detay seviyesi ve \u00fcst\u00fcn netlik, bu teknolojiyi k\u0131sa tirajl\u0131 ve de\u011fi\u015fken veriler i\u00e7eren ambalajlar i\u00e7in m\u00fckemmel bir se\u00e7enek haline getirmektedir. Numune \u00fcretiminden k\u0131sa tirajl\u0131 ambalajlara ve son derece ki\u015fiselle\u015ftirilmi\u015f tasar\u0131mlara kadar her projeyi e\u015fsiz kalite ve verimlilikle hayata ge\u00e7iriyoruz.<\/p>\n<p>Biz, bask\u0131 teknolojilerinin geli\u015fimini g\u00f6rmezden gelmenin imkans\u0131z oldu\u011funa inan\u0131yoruz ve bu ilerlemelerin \u00f6n saflar\u0131nda yer almak, m\u00fc\u015fterilerimize daha iyi hizmet vermemizi sa\u011fl\u0131yor. Dijital bask\u0131 yaln\u0131zca kaliteyi art\u0131rmakla kalm\u0131yor, ayn\u0131 zamanda at\u0131k ve enerji t\u00fcketimini azaltarak s\u00fcrd\u00fcr\u00fclebilirlik taahh\u00fcd\u00fcm\u00fcz\u00fc de destekliyor.<\/p>\n<p>Halaman Matbaac\u0131l\u0131k ve Ambalaj olarak, yenilik ve uzmanl\u0131\u011f\u0131 bir araya getirerek, m\u00fc\u015fterilerimize en ileri \u00e7\u00f6z\u00fcmleri sunuyor ve her ad\u0131mda onlara rehberlik ederek vizyonlar\u0131n\u0131 ger\u00e7e\u011fe d\u00f6n\u00fc\u015ft\u00fcr\u00fcyoruz.<\/p>\n<p>&nbsp;<\/p>\n<p><img decoding=\"async\" class=\"alignnone size-full wp-image-2679\" src=\"https:\/\/www.halaman.com\/content\/uploads\/2025\/02\/futurezone2-scaled.jpg\" alt=\"\" width=\"2560\" height=\"1700\" \/ loading=\"lazy\" srcset=\"https:\/\/www.halaman.com\/content\/uploads\/2025\/02\/futurezone2-scaled.jpg 2560w, https:\/\/www.halaman.com\/content\/uploads\/2025\/02\/futurezone2-300x199.jpg 300w, https:\/\/www.halaman.com\/content\/uploads\/2025\/02\/futurezone2-1024x680.jpg 1024w, https:\/\/www.halaman.com\/content\/uploads\/2025\/02\/futurezone2-768x510.jpg 768w, https:\/\/www.halaman.com\/content\/uploads\/2025\/02\/futurezone2-1536x1020.jpg 1536w, https:\/\/www.halaman.com\/content\/uploads\/2025\/02\/futurezone2-2048x1360.jpg 2048w, https:\/\/www.halaman.com\/content\/uploads\/2025\/02\/futurezone2-420x280.jpg 420w\" sizes=\"(max-width: 2560px) 100vw, 2560px\" \/><\/p>\n<p>Dijital Bask\u0131 hakk\u0131nda daha fazla bilgiye mi ihtiyac\u0131n\u0131z var? Bizimle ileti\u015fime ge\u00e7in.<\/p>\n","protected":false},"excerpt":{"rendered":"<p>Halaman Matbaac\u0131l\u0131k ve Ambalaj olarak, m\u00fc\u015fterilerimizin ve sekt\u00f6r\u00fcn de\u011fi\u015fen ihtiya\u00e7lar\u0131n\u0131 kar\u015f\u0131lamak i\u00e7in en son dijital bask\u0131 teknolojilerini kullanarak yenili\u011fin \u00f6nc\u00fcs\u00fc olmaya devam ediyoruz. D\u00fcnyan\u0131n ilk HD versiyonlu olarak \u00fcretilen HP Indigo 35K HD Dijital Bask\u0131 Makinemiz, teknolojiye olan ba\u011fl\u0131l\u0131\u011f\u0131m\u0131z\u0131n bir kan\u0131t\u0131d\u0131r. Bu \u00e7\u0131\u011f\u0131r a\u00e7an yat\u0131r\u0131m, y\u00fcksek kaliteli, \u00e7ok y\u00f6nl\u00fc ve s\u00fcrd\u00fcr\u00fclebilir bask\u0131 \u00e7\u00f6z\u00fcmlerine y\u00f6nelik artan &hellip; <a href=\"https:\/\/www.halaman.com\/tr\/servisler\/dijital-baski\" class=\"more-link\">Continue reading <span class=\"screen-reader-text\">Dijital Bask\u0131<\/span><\/a><\/p>\n","protected":false},"author":2049,"featured_media":2295,"parent":8,"menu_order":11,"comment_status":"closed","ping_status":"closed","template":"","meta":{"_acf_changed":false,"footnotes":""},"class_list":["post-2308","page","type-page","status-publish","has-post-thumbnail","hentry"],"acf":[],"_links":{"self":[{"href":"https:\/\/www.halaman.com\/tr\/wp-json\/wp\/v2\/pages\/2308","targetHints":{"allow":["GET"]}}],"collection":[{"href":"https:\/\/www.halaman.com\/tr\/wp-json\/wp\/v2\/pages"}],"about":[{"href":"https:\/\/www.halaman.com\/tr\/wp-json\/wp\/v2\/types\/page"}],"author":[{"embeddable":true,"href":"https:\/\/www.halaman.com\/tr\/wp-json\/wp\/v2\/users\/2049"}],"replies":[{"embeddable":true,"href":"https:\/\/www.halaman.com\/tr\/wp-json\/wp\/v2\/comments?post=2308"}],"version-history":[{"count":0,"href":"https:\/\/www.halaman.com\/tr\/wp-json\/wp\/v2\/pages\/2308\/revisions"}],"up":[{"embeddable":true,"href":"https:\/\/www.halaman.com\/tr\/wp-json\/wp\/v2\/pages\/8"}],"wp:featuredmedia":[{"embeddable":true,"href":"https:\/\/www.halaman.com\/tr\/wp-json\/wp\/v2\/media\/2295"}],"wp:attachment":[{"href":"https:\/\/www.halaman.com\/tr\/wp-json\/wp\/v2\/media?parent=2308"}],"curies":[{"name":"wp","href":"https:\/\/api.w.org\/{rel}","templated":true}]}}