{"id":25,"date":"2016-09-27T11:31:23","date_gmt":"2016-09-27T08:31:23","guid":{"rendered":"http:\/\/www.halaman.com\/?page_id=25"},"modified":"2022-11-08T12:38:21","modified_gmt":"2022-11-08T09:38:21","slug":"yonetim","status":"publish","type":"page","link":"https:\/\/www.halaman.com\/tr\/iletisim\/yonetim","title":{"rendered":"Y\u00f6netim"},"content":{"rendered":"<div class=\"person_list yonetim\">\n<ul>\n<li>\n<h2>\u00d6zg\u00fcr Halaman<\/h2>\n<p>Y\u00f6netim Kurulu Ba\u015fkan\u0131<\/p>\n<div>T: +90 212 8670100<\/div>\n<div>E: <a href=\"mailto:ozgur@halaman.com\">ozgur@halaman.com<\/a><\/div>\n<\/li>\n<li>\n<h2>Mert Halaman<\/h2>\n<p>Ba\u015fkan Yard\u0131mc\u0131s\u0131<\/p>\n<div>T: +90 212 8670100<\/div>\n<div>E: <a href=\"mailto:mert@halaman.com\">mert@halaman.com<\/a><\/div>\n<\/li>\n<li>\n<h2>Barlas\u00a0Y\u0131lmaz<\/h2>\n<p>CEO<\/p>\n<div>T: +90 212 8670100<\/div>\n<div>E: <a href=\"mailto:barlas@halaman.com\">barlas@halaman.com<\/a><\/div>\n<\/li>\n<\/ul>\n<\/div>\n","protected":false},"excerpt":{"rendered":"<p>\u00d6zg\u00fcr Halaman Y\u00f6netim Kurulu Ba\u015fkan\u0131 T: +90 212 8670100 E: ozgur@halaman.com Mert Halaman Ba\u015fkan Yard\u0131mc\u0131s\u0131 T: +90 212 8670100 E: mert@halaman.com Barlas\u00a0Y\u0131lmaz CEO T: +90 212 8670100 E: barlas@halaman.com<\/p>\n","protected":false},"author":2049,"featured_media":576,"parent":9,"menu_order":71,"comment_status":"closed","ping_status":"closed","template":"page-templates\/one-column.php","meta":{"_acf_changed":false,"footnotes":""},"class_list":["post-25","page","type-page","status-publish","has-post-thumbnail","hentry"],"acf":[],"_links":{"self":[{"href":"https:\/\/www.halaman.com\/tr\/wp-json\/wp\/v2\/pages\/25","targetHints":{"allow":["GET"]}}],"collection":[{"href":"https:\/\/www.halaman.com\/tr\/wp-json\/wp\/v2\/pages"}],"about":[{"href":"https:\/\/www.halaman.com\/tr\/wp-json\/wp\/v2\/types\/page"}],"author":[{"embeddable":true,"href":"https:\/\/www.halaman.com\/tr\/wp-json\/wp\/v2\/users\/2049"}],"replies":[{"embeddable":true,"href":"https:\/\/www.halaman.com\/tr\/wp-json\/wp\/v2\/comments?post=25"}],"version-history":[{"count":0,"href":"https:\/\/www.halaman.com\/tr\/wp-json\/wp\/v2\/pages\/25\/revisions"}],"up":[{"embeddable":true,"href":"https:\/\/www.halaman.com\/tr\/wp-json\/wp\/v2\/pages\/9"}],"wp:featuredmedia":[{"embeddable":true,"href":"https:\/\/www.halaman.com\/tr\/wp-json\/wp\/v2\/media\/576"}],"wp:attachment":[{"href":"https:\/\/www.halaman.com\/tr\/wp-json\/wp\/v2\/media?parent=25"}],"curies":[{"name":"wp","href":"https:\/\/api.w.org\/{rel}","templated":true}]}}