{"id":2578,"date":"2024-12-23T14:48:15","date_gmt":"2024-12-23T11:48:15","guid":{"rendered":"https:\/\/www.halaman.com\/matbaa\/our-policies"},"modified":"2025-10-01T15:47:45","modified_gmt":"2025-10-01T12:47:45","slug":"politikalarimiz","status":"publish","type":"page","link":"https:\/\/www.halaman.com\/tr\/matbaa\/politikalarimiz","title":{"rendered":"Politikalar\u0131m\u0131z"},"content":{"rendered":"<p style=\"font-weight: 400;\">Halaman Matbaac\u0131l\u0131k ve Ambalaj olarak, politikalar\u0131m\u0131z s\u00fcrd\u00fcr\u00fclebilirlik, kalite, g\u00fcvenlik ve etik standartlara olan g\u00fc\u00e7l\u00fc ba\u011fl\u0131l\u0131\u011f\u0131m\u0131z\u0131 yans\u0131tmaktad\u0131r. Bu politikalar, m\u00fckemmelli\u011fe ula\u015fmam\u0131za yard\u0131mc\u0131 olurken, en y\u00fcksek uluslararas\u0131 standartlar\u0131 kar\u015f\u0131lamak i\u00e7in yapt\u0131\u011f\u0131m\u0131z \u00e7al\u0131\u015fmalar\u0131m\u0131za y\u00f6n verir.<\/p>\n<p style=\"font-weight: 400;\"><strong>FSC\u00ae Standartlar\u0131na Ba\u011fl\u0131l\u0131k<\/strong><\/p>\n<p style=\"font-weight: 400;\">Halaman\u2019da g\u00fcvenilir tedarik zinciri ve s\u00fcrd\u00fcr\u00fclebilir \u00fcretime kendimizi adad\u0131k. FSC<strong>\u00ae<\/strong> Politikam\u0131z ile, g\u00fcvenilirorman y\u00f6netimini destekleyen malzemeler kullanarak gelecek nesiller i\u00e7in daha ye\u015fil bir gezegene katk\u0131da bulunuyoruz.<\/p>\n<p style=\"font-weight: 400;\"><strong>\u00c7evremizi Koruyoruz<\/strong><\/p>\n<p style=\"font-weight: 400;\">\u00c7evre Politikam\u0131z, \u00e7evresel etkilerimizi en aza indirme \u00e7abalar\u0131m\u0131z\u0131, kaynaklar\u0131n verimli kullan\u0131m\u0131n\u0131, at\u0131k azalt\u0131m\u0131n\u0131 ve s\u00fcrd\u00fcr\u00fclebilir uygulamalar\u0131 kapsamaktad\u0131r. K\u00fcresel \u00e7evre hedefleriyle uyum sa\u011flamak i\u00e7in s\u00fcrekli iyile\u015ftirme ilkesini benimsiyoruz.<\/p>\n<p style=\"font-weight: 400;\"><strong>Etik \u00c7al\u0131\u015fma Kurallar\u0131<\/strong><\/p>\n<p style=\"font-weight: 400;\">Halaman olarak, adil ve etik i\u015f uygulamalar\u0131na inan\u0131yoruz. Etik \u00c7al\u0131\u015fma Kurallar\u0131m\u0131z, ekibimizin \u00e7al\u0131\u015fma standartlar\u0131n\u0131 tan\u0131mlar ve i\u015f yerinde sayg\u0131, \u015feffafl\u0131k ve e\u015fitli\u011fi vurgular.<\/p>\n<p style=\"font-weight: 400;\"><strong>G\u0131da G\u00fcvenli\u011fi G\u00fcvencesi<\/strong><\/p>\n<p style=\"font-weight: 400;\">G\u0131da G\u00fcvenli\u011fi Politikam\u0131z ile, her \u00fcr\u00fcn\u00fcn en kat\u0131 hijyen ve g\u00fcvenlik standartlar\u0131na uygun olmas\u0131n\u0131 sa\u011fl\u0131yoruz. \u00d6zellikle g\u0131da ve ila\u00e7 sekt\u00f6rleri i\u00e7in g\u00fcvenilir ambalaj \u00fcretimi yaparken uluslararas\u0131 y\u00f6nergeleri takip ediyoruz.<\/p>\n<p style=\"font-weight: 400;\"><strong>\u0130\u015f Sa\u011fl\u0131\u011f\u0131 ve G\u00fcvenli\u011fi<\/strong><\/p>\n<p style=\"font-weight: 400;\">\u00c7al\u0131\u015fanlar\u0131m\u0131z ba\u015far\u0131m\u0131z\u0131n merkezindedir. \u0130\u015f Sa\u011fl\u0131\u011f\u0131 ve G\u00fcvenli\u011fi Politikam\u0131z ile, \u00e7al\u0131\u015fanlar\u0131m\u0131z ve t\u00fcm payda\u015flar\u0131m\u0131z i\u00e7in g\u00fcvenli ve sa\u011fl\u0131kl\u0131 bir \u00e7al\u0131\u015fma ortam\u0131 olu\u015fturuyoruz.<\/p>\n<p style=\"font-weight: 400;\"><strong>Taviz<\/strong><strong> Vermeden<\/strong><strong> Kalite<\/strong><\/p>\n<p style=\"font-weight: 400;\">Kalite Politikam\u0131z, kusursuz \u00fcr\u00fcnler sunma konusundaki oda\u011f\u0131m\u0131z\u0131n bir g\u00f6stergesidir. ISO standartlar\u0131na ba\u011fl\u0131 kalarak, her projede hassasiyet, tutarl\u0131l\u0131k ve g\u00fcvenilirlik sa\u011fl\u0131yoruz. Kalite bizim i\u00e7in bir hedef de\u011fil, sizlere verdi\u011fimiz bir taahh\u00fctt\u00fcr.<\/p>\n<p style=\"font-weight: 400;\"><strong>Sosyal Sorumluluk<\/strong><\/p>\n<p style=\"font-weight: 400;\">Topluma kar\u015f\u0131 sorumlulu\u011fumuzun bilincindeyiz. Sosyal Sorumluluk Politikam\u0131z, yerel giri\u015fimleri desteklemekten etik tedarik s\u00fcre\u00e7lerini garanti alt\u0131na almaya kadar i\u015f yap\u0131\u015f \u015feklimizde etik yakla\u015f\u0131ma verdi\u011fimiz \u00f6nemi vurgular. Pozitif bir etki yaratmaya \u00e7al\u0131\u015f\u0131yoruz.<\/p>\n<p style=\"font-weight: 400;\"><strong>Tedarik\u00e7i Etik \u00c7al\u0131\u015fma Ko\u015fullar\u0131<\/strong><\/p>\n<p style=\"font-weight: 400;\">De\u011ferlerimizi payla\u015fan tedarik\u00e7ilerle i\u015f birli\u011fi yap\u0131yoruz. Tedarik\u00e7i Etik \u00c7al\u0131\u015fma Ko\u015fullar\u0131 Politikam\u0131z, t\u00fcm i\u015f ortaklar\u0131m\u0131z\u0131n etik \u00e7al\u0131\u015fma uygulamalar\u0131n\u0131 benimsemelerini, g\u00fcvenli \u00e7al\u0131\u015fma ko\u015fullar\u0131 sunmalar\u0131n\u0131 ve \u00e7al\u0131\u015fanlar\u0131na sayg\u0131l\u0131 ve adil davranmalar\u0131n\u0131 sa\u011flar.<\/p>\n<p style=\"font-weight: 400;\">Bu politikalar sadece yaz\u0131l\u0131 metinlerden ibaret de\u011fil, g\u00fcnl\u00fck operasyonlar\u0131m\u0131z\u0131n ayr\u0131lmaz bir par\u00e7as\u0131d\u0131r. En y\u00fcksek kalite, s\u00fcrd\u00fcr\u00fclebilirlik ve etik standartlara ula\u015fmak i\u00e7in s\u00fcrekli olarak bu politikalar uygulanmaktad\u0131r.\u00a0Halaman Matbaac\u0131l\u0131k ve Ambalaj olarak yaln\u0131zca \u00fcr\u00fcn de\u011fil, g\u00fcven de sunuyoruz.<\/p>\n<p style=\"font-weight: 400;\">Bu sayfa \u00fczerinden t\u00fcm politikalar\u0131m\u0131z\u0131 inceleyebilir ve indirebilirsiniz.<\/p>\n<p>&nbsp;<\/p>\n<p>&#8220;Politikalar\u0131m\u0131z&#8221; hakk\u0131nda daha fazla bilgiye mi ihtiyac\u0131n\u0131z var?\u00a0L\u00fctfen bizimle ileti\u015fime ge\u00e7in.<\/p>\n","protected":false},"excerpt":{"rendered":"<p>Halaman Matbaac\u0131l\u0131k ve Ambalaj olarak, politikalar\u0131m\u0131z s\u00fcrd\u00fcr\u00fclebilirlik, kalite, g\u00fcvenlik ve etik standartlara olan g\u00fc\u00e7l\u00fc ba\u011fl\u0131l\u0131\u011f\u0131m\u0131z\u0131 yans\u0131tmaktad\u0131r. Bu politikalar, m\u00fckemmelli\u011fe ula\u015fmam\u0131za yard\u0131mc\u0131 olurken, en y\u00fcksek uluslararas\u0131 standartlar\u0131 kar\u015f\u0131lamak i\u00e7in yapt\u0131\u011f\u0131m\u0131z \u00e7al\u0131\u015fmalar\u0131m\u0131za y\u00f6n verir. FSC\u00ae Standartlar\u0131na Ba\u011fl\u0131l\u0131k Halaman\u2019da g\u00fcvenilir tedarik zinciri ve s\u00fcrd\u00fcr\u00fclebilir \u00fcretime kendimizi adad\u0131k. FSC\u00ae Politikam\u0131z ile, g\u00fcvenilirorman y\u00f6netimini destekleyen malzemeler kullanarak gelecek nesiller i\u00e7in &hellip; <a href=\"https:\/\/www.halaman.com\/tr\/matbaa\/politikalarimiz\" class=\"more-link\">Continue reading <span class=\"screen-reader-text\">Politikalar\u0131m\u0131z<\/span><\/a><\/p>\n","protected":false},"author":2049,"featured_media":2370,"parent":7,"menu_order":61,"comment_status":"closed","ping_status":"closed","template":"","meta":{"_acf_changed":false,"footnotes":""},"class_list":["post-2578","page","type-page","status-publish","has-post-thumbnail","hentry"],"acf":[],"_links":{"self":[{"href":"https:\/\/www.halaman.com\/tr\/wp-json\/wp\/v2\/pages\/2578","targetHints":{"allow":["GET"]}}],"collection":[{"href":"https:\/\/www.halaman.com\/tr\/wp-json\/wp\/v2\/pages"}],"about":[{"href":"https:\/\/www.halaman.com\/tr\/wp-json\/wp\/v2\/types\/page"}],"author":[{"embeddable":true,"href":"https:\/\/www.halaman.com\/tr\/wp-json\/wp\/v2\/users\/2049"}],"replies":[{"embeddable":true,"href":"https:\/\/www.halaman.com\/tr\/wp-json\/wp\/v2\/comments?post=2578"}],"version-history":[{"count":0,"href":"https:\/\/www.halaman.com\/tr\/wp-json\/wp\/v2\/pages\/2578\/revisions"}],"up":[{"embeddable":true,"href":"https:\/\/www.halaman.com\/tr\/wp-json\/wp\/v2\/pages\/7"}],"wp:featuredmedia":[{"embeddable":true,"href":"https:\/\/www.halaman.com\/tr\/wp-json\/wp\/v2\/media\/2370"}],"wp:attachment":[{"href":"https:\/\/www.halaman.com\/tr\/wp-json\/wp\/v2\/media?parent=2578"}],"curies":[{"name":"wp","href":"https:\/\/api.w.org\/{rel}","templated":true}]}}