{"id":28,"date":"2016-09-27T11:32:06","date_gmt":"2016-09-27T08:32:06","guid":{"rendered":"http:\/\/www.halaman.com\/?page_id=28"},"modified":"2025-02-14T13:42:18","modified_gmt":"2025-02-14T10:42:18","slug":"musteri-iliskileri","status":"publish","type":"page","link":"https:\/\/www.halaman.com\/tr\/iletisim\/musteri-iliskileri","title":{"rendered":"M\u00fc\u015fteri \u0130li\u015fkileri"},"content":{"rendered":"<div class=\"person_list musteri_iliskileri\">\n<ul>\n<li>\n<h2>G\u00fcl Bozku\u015f<\/h2>\n<p>M\u00fc\u015fteri \u0130li\u015fkileri<\/p>\n<div>T: +90 212 8670100<\/div>\n<div>E: <a href=\"mailto:gul@halaman.com\">gul@halaman.com<\/a><\/div>\n<\/li>\n<li>\n<h2>Gamze Y\u0131lmaz Fidanc\u0131<\/h2>\n<p>M\u00fc\u015fteri \u0130li\u015fkileri<\/p>\n<div>T: +90 212 8670100<\/div>\n<div>E: <a href=\"mailto:gamze@halaman.com\">gamze@halaman.com<\/a><\/div>\n<\/li>\n<li>\n<h2>Fatma D\u00f6nmez<\/h2>\n<p>M\u00fc\u015fteri \u0130li\u015fkileri<\/p>\n<div>T: +90 212 8670100<\/div>\n<div>E: <a href=\"mailto:fatma@halaman.com\">fatma@halaman.com<\/a><\/div>\n<\/li>\n<li>\n<h2>\u00dcmran \u00c7i\u00e7ek\u00e7i Oral<\/h2>\n<p>M\u00fc\u015fteri \u0130li\u015fkileri<\/p>\n<div>T: +90 212 8670100<\/div>\n<div>E: <a href=\"mailto:umran@halaman.com\">umran@halaman.com<\/a><\/div>\n<\/li>\n<li>\n<h2>Figen \u0130nal<\/h2>\n<p>M\u00fc\u015fteri \u0130li\u015fkileri<\/p>\n<div>T: +90 212 8670100<\/div>\n<div>E: <a href=\"mailto:figen.inal@halaman.com\">figen.inal@halaman.com<\/a><\/div>\n<\/li>\n<li>\n<h2>\u0130pek A\u015f\u0131k<\/h2>\n<p>M\u00fc\u015fteri \u0130li\u015fkileri<\/p>\n<div>T: +90 212 8670100<\/div>\n<div>E: <a href=\"mailto:ipek@halaman.com\">ipek@halaman.com<\/a><\/div>\n<\/li>\n<li>\n<h2>Duygu G\u00fcm\u00fc\u015fcan<\/h2>\n<p>M\u00fc\u015fteri \u0130li\u015fkileri<\/p>\n<div>T: +90 212 8670100<\/div>\n<div>E: <a href=\"mailto:duygu@halaman.com\">duygu@halaman.com<\/a><\/div>\n<\/li>\n<li>\n<h2>\u015eehri Ocaktan<\/h2>\n<p>M\u00fc\u015fteri \u0130li\u015fkileri<\/p>\n<div>T: +90 212 8670100<\/div>\n<div>E: <a href=\"mailto:sehri@halaman.com\">sehri@halaman.com<\/a><\/div>\n<\/li>\n<li>\n<h2>G\u00f6zde Uzun<\/h2>\n<p>M\u00fc\u015fteri \u0130li\u015fkileri<\/p>\n<div>T: +90 212 8670100<\/div>\n<div>E: <a href=\"mailto:gozdeuzun@halaman.com\">gozdeuzun@halaman.com<\/a><\/div>\n<\/li>\n<li>\n<h2>I\u015f\u0131l Ayd\u0131n<\/h2>\n<p>M\u00fc\u015fteri \u0130li\u015fkileri<\/p>\n<div>T: +90 212 8670100<\/div>\n<div>E: <a href=\"mailto:isil@halaman.com\">isil@halaman.com<\/a><\/div>\n<\/li>\n<li>\n<h2>Z\u00fclal Sadedil<\/h2>\n<p>M\u00fc\u015fteri \u0130li\u015fkileri<\/p>\n<div>T: +90 212 8670100<\/div>\n<div>E: <a href=\"mailto:zulal@halaman.com\">zulal@halaman.com<\/a><\/div>\n<\/li>\n<\/ul>\n<\/div>\n","protected":false},"excerpt":{"rendered":"<p>G\u00fcl Bozku\u015f M\u00fc\u015fteri \u0130li\u015fkileri T: +90 212 8670100 E: gul@halaman.com Gamze Y\u0131lmaz Fidanc\u0131 M\u00fc\u015fteri \u0130li\u015fkileri T: +90 212 8670100 E: gamze@halaman.com Fatma D\u00f6nmez M\u00fc\u015fteri \u0130li\u015fkileri T: +90 212 8670100 E: fatma@halaman.com \u00dcmran \u00c7i\u00e7ek\u00e7i Oral M\u00fc\u015fteri \u0130li\u015fkileri T: +90 212 8670100 E: umran@halaman.com Figen \u0130nal M\u00fc\u015fteri \u0130li\u015fkileri T: +90 212 8670100 E: figen.inal@halaman.com \u0130pek A\u015f\u0131k M\u00fc\u015fteri &hellip; <a href=\"https:\/\/www.halaman.com\/tr\/iletisim\/musteri-iliskileri\" class=\"more-link\">Continue reading <span class=\"screen-reader-text\">M\u00fc\u015fteri \u0130li\u015fkileri<\/span><\/a><\/p>\n","protected":false},"author":2049,"featured_media":576,"parent":9,"menu_order":28,"comment_status":"closed","ping_status":"closed","template":"page-templates\/one-column.php","meta":{"_acf_changed":false,"footnotes":""},"class_list":["post-28","page","type-page","status-publish","has-post-thumbnail","hentry"],"acf":[],"_links":{"self":[{"href":"https:\/\/www.halaman.com\/tr\/wp-json\/wp\/v2\/pages\/28","targetHints":{"allow":["GET"]}}],"collection":[{"href":"https:\/\/www.halaman.com\/tr\/wp-json\/wp\/v2\/pages"}],"about":[{"href":"https:\/\/www.halaman.com\/tr\/wp-json\/wp\/v2\/types\/page"}],"author":[{"embeddable":true,"href":"https:\/\/www.halaman.com\/tr\/wp-json\/wp\/v2\/users\/2049"}],"replies":[{"embeddable":true,"href":"https:\/\/www.halaman.com\/tr\/wp-json\/wp\/v2\/comments?post=28"}],"version-history":[{"count":0,"href":"https:\/\/www.halaman.com\/tr\/wp-json\/wp\/v2\/pages\/28\/revisions"}],"up":[{"embeddable":true,"href":"https:\/\/www.halaman.com\/tr\/wp-json\/wp\/v2\/pages\/9"}],"wp:featuredmedia":[{"embeddable":true,"href":"https:\/\/www.halaman.com\/tr\/wp-json\/wp\/v2\/media\/576"}],"wp:attachment":[{"href":"https:\/\/www.halaman.com\/tr\/wp-json\/wp\/v2\/media?parent=28"}],"curies":[{"name":"wp","href":"https:\/\/api.w.org\/{rel}","templated":true}]}}