{"id":96,"date":"2016-09-27T15:52:01","date_gmt":"2016-09-27T12:52:01","guid":{"rendered":"http:\/\/www.halaman.com\/?page_id=96"},"modified":"2016-10-28T14:06:15","modified_gmt":"2016-10-28T11:06:15","slug":"kariyer","status":"publish","type":"page","link":"https:\/\/www.halaman.com\/tr\/kariyer","title":{"rendered":"Kariyer"},"content":{"rendered":"<p>Halaman ailesine kat\u0131lmak i\u00e7in <a href=\"mailto:info@halaman.com\">info@halaman.com<\/a> adresine CV&#8217;nizi g\u00f6nderebilirsiniz.<\/p>\n","protected":false},"excerpt":{"rendered":"<p>Halaman ailesine kat\u0131lmak i\u00e7in info@halaman.com adresine CV&#8217;nizi g\u00f6nderebilirsiniz.<\/p>\n","protected":false},"author":2049,"featured_media":543,"parent":0,"menu_order":53,"comment_status":"closed","ping_status":"closed","template":"","meta":{"_acf_changed":false,"footnotes":""},"class_list":["post-96","page","type-page","status-publish","has-post-thumbnail","hentry"],"acf":[],"_links":{"self":[{"href":"https:\/\/www.halaman.com\/tr\/wp-json\/wp\/v2\/pages\/96","targetHints":{"allow":["GET"]}}],"collection":[{"href":"https:\/\/www.halaman.com\/tr\/wp-json\/wp\/v2\/pages"}],"about":[{"href":"https:\/\/www.halaman.com\/tr\/wp-json\/wp\/v2\/types\/page"}],"author":[{"embeddable":true,"href":"https:\/\/www.halaman.com\/tr\/wp-json\/wp\/v2\/users\/2049"}],"replies":[{"embeddable":true,"href":"https:\/\/www.halaman.com\/tr\/wp-json\/wp\/v2\/comments?post=96"}],"version-history":[{"count":0,"href":"https:\/\/www.halaman.com\/tr\/wp-json\/wp\/v2\/pages\/96\/revisions"}],"wp:featuredmedia":[{"embeddable":true,"href":"https:\/\/www.halaman.com\/tr\/wp-json\/wp\/v2\/media\/543"}],"wp:attachment":[{"href":"https:\/\/www.halaman.com\/tr\/wp-json\/wp\/v2\/media?parent=96"}],"curies":[{"name":"wp","href":"https:\/\/api.w.org\/{rel}","templated":true}]}}