{"id":998,"date":"2018-06-05T13:08:24","date_gmt":"2018-06-05T10:08:24","guid":{"rendered":"http:\/\/www.halaman.com\/tr\/?page_id=998"},"modified":"2024-11-29T11:33:51","modified_gmt":"2024-11-29T08:33:51","slug":"gizlilik-politikasi","status":"publish","type":"page","link":"https:\/\/www.halaman.com\/tr\/gizlilik-politikasi","title":{"rendered":"Gizlilik Politikas\u0131"},"content":{"rendered":"<h1>Halaman Gizlilik Politikas\u0131<\/h1>\n<p><strong>Gizlilik Taahh\u00fct\u00fcm\u00fcz<\/strong><\/p>\n<p>Bizler Halaman\u2019da m\u00fc\u015fterilerimizin ve ziyaret\u00e7ilerimizin gizlili\u011fine sayg\u0131 duyup, bu konuya \u00e7ok \u00f6nem veririz. Bu politika sizden toplad\u0131\u011f\u0131m\u0131z ki\u015fisel bilgileri toplama amac\u0131m\u0131z\u0131, nas\u0131l toplad\u0131\u011f\u0131m\u0131z\u0131 ve nas\u0131l kulland\u0131\u011f\u0131m\u0131z\u0131 a\u00e7\u0131klamaktad\u0131r. E\u011fer bu politika de\u011fi\u015firse internet sitemizde g\u00fcncellenmi\u015f versiyonunu kolayca bulabilirsiniz. Gizlilik politikas\u0131n\u0131n g\u00fcncellendi\u011fini a\u015fa\u011f\u0131daki son g\u00fcncellenme tarihinden takip edebilirsiniz.<\/p>\n<p>Gizlilik politikam\u0131z hakk\u0131nda sorular\u0131n\u0131z varsa l\u00fctfen info@halaman.com adresine mail at\u0131n\u0131z veya +90 212 8670100 numaral\u0131 telefonumuzu aray\u0131n\u0131z.<\/p>\n<p><strong>Gizlilik Politikas\u0131<\/strong><\/p>\n<p>Son g\u00fcncellenme 5 Haziran 2018<\/p>\n<ul>\n<li>Halaman\u2019da ad\u0131n\u0131z, e-mail adresiniz, posta adresiniz, telefon numaran\u0131z vs. gibi ki\u015fisel bilgilerinizi internet sitemizden doldurmu\u015f oldu\u011funuz ileti\u015fim formumuz, mail listemize kaydolman\u0131z ve i\u015f ba\u015fvuru formumuzu doldurman\u0131z vas\u0131tas\u0131yla elde edebiliriz.<\/li>\n<li>Halaman ve reklam ortaklar\u0131 bu bilgilerinizi ve cookielerinizi(\u00e7erez) sizden bilgi toplamak ve \u00e7e\u015fitli teknolojik \u00e7\u00f6z\u00fcmlerle firmam\u0131z\u0131 ve \u00fcr\u00fcnlerimizi tan\u0131tmak ve daha iyi hale getirmek ama\u00e7l\u0131 kullanabilir.<\/li>\n<li>Cookiler(\u00e7erez), internet sitesi taraf\u0131ndan bilgisayara b\u0131rak\u0131lan bir t\u00fcr tan\u0131mlama dosyas\u0131d\u0131r. Bu sayede belirli bir siteyi ne kadar s\u0131kl\u0131kla ziyaret etti\u011finiz veya belirli bir reklam\u0131 ne kadar g\u00f6rd\u00fc\u011f\u00fcn\u00fcz hakk\u0131nda bize bilgiler verir. Bunun d\u0131\u015f\u0131nda cookiler(\u00e7erez) hi\u00e7bir \u015fekilde bilgisayar\u0131n\u0131zdaki herhangi bir dosyaya eri\u015fme imkan\u0131na sahip de\u011fillerdir.<\/li>\n<\/ul>\n<p><strong>Ki\u015fisel bilgilerinizi a\u015fa\u011f\u0131daki yollarla kullanabiliriz:<\/strong><\/p>\n<ul>\n<li>Sizin taraf\u0131n\u0131zdan bize benimle temasa ge\u00e7meyin uyar\u0131s\u0131 gelmezse, sizinle e-mail, posta, telefon yoluyla ileti\u015fime ge\u00e7ip, \u00fcr\u00fcnlerimiz, servislerimiz hakk\u0131nda bilgi verip i\u015f ba\u015fvuru talebinizi de\u011ferlendirebiliriz.<\/li>\n<li>Piyasa ve sekt\u00f6rdeki trendleri ve istatistikleri analiz edebiliriz.<\/li>\n<li>Sizinle gerekti\u011fi anda temasa ge\u00e7ebiliriz.<\/li>\n<li>Navigasyonel bilgilerinizi web sitemize olan trafi\u011fi takip etmek ve trendleri analiz etmek i\u00e7in kullanabiliriz. Her zaman reklam ama\u00e7l\u0131 bilgi almak istemedi\u011finizi bize belirterek bu hizmetimizden \u00e7\u0131kart\u0131labilirsiniz.<\/li>\n<\/ul>\n<p>Halaman hi\u00e7bir bilginizi herhangi bir \u00fc\u00e7\u00fcnc\u00fc \u015fah\u0131sla payla\u015fmaz.<\/p>\n","protected":false},"excerpt":{"rendered":"<p>Halaman Gizlilik Politikas\u0131 Gizlilik Taahh\u00fct\u00fcm\u00fcz Bizler Halaman\u2019da m\u00fc\u015fterilerimizin ve ziyaret\u00e7ilerimizin gizlili\u011fine sayg\u0131 duyup, bu konuya \u00e7ok \u00f6nem veririz. Bu politika sizden toplad\u0131\u011f\u0131m\u0131z ki\u015fisel bilgileri toplama amac\u0131m\u0131z\u0131, nas\u0131l toplad\u0131\u011f\u0131m\u0131z\u0131 ve nas\u0131l kulland\u0131\u011f\u0131m\u0131z\u0131 a\u00e7\u0131klamaktad\u0131r. E\u011fer bu politika de\u011fi\u015firse internet sitemizde g\u00fcncellenmi\u015f versiyonunu kolayca bulabilirsiniz. Gizlilik politikas\u0131n\u0131n g\u00fcncellendi\u011fini a\u015fa\u011f\u0131daki son g\u00fcncellenme tarihinden takip edebilirsiniz. Gizlilik politikam\u0131z hakk\u0131nda sorular\u0131n\u0131z &hellip; <a href=\"https:\/\/www.halaman.com\/tr\/gizlilik-politikasi\" class=\"more-link\">Continue reading <span class=\"screen-reader-text\">Gizlilik Politikas\u0131<\/span><\/a><\/p>\n","protected":false},"author":2049,"featured_media":2287,"parent":0,"menu_order":19,"comment_status":"closed","ping_status":"closed","template":"","meta":{"_acf_changed":false,"footnotes":""},"class_list":["post-998","page","type-page","status-publish","has-post-thumbnail","hentry"],"acf":[],"_links":{"self":[{"href":"https:\/\/www.halaman.com\/tr\/wp-json\/wp\/v2\/pages\/998","targetHints":{"allow":["GET"]}}],"collection":[{"href":"https:\/\/www.halaman.com\/tr\/wp-json\/wp\/v2\/pages"}],"about":[{"href":"https:\/\/www.halaman.com\/tr\/wp-json\/wp\/v2\/types\/page"}],"author":[{"embeddable":true,"href":"https:\/\/www.halaman.com\/tr\/wp-json\/wp\/v2\/users\/2049"}],"replies":[{"embeddable":true,"href":"https:\/\/www.halaman.com\/tr\/wp-json\/wp\/v2\/comments?post=998"}],"version-history":[{"count":0,"href":"https:\/\/www.halaman.com\/tr\/wp-json\/wp\/v2\/pages\/998\/revisions"}],"wp:featuredmedia":[{"embeddable":true,"href":"https:\/\/www.halaman.com\/tr\/wp-json\/wp\/v2\/media\/2287"}],"wp:attachment":[{"href":"https:\/\/www.halaman.com\/tr\/wp-json\/wp\/v2\/media?parent=998"}],"curies":[{"name":"wp","href":"https:\/\/api.w.org\/{rel}","templated":true}]}}